{"id":9,"date":"2024-09-26T06:59:05","date_gmt":"2024-09-26T06:59:05","guid":{"rendered":"https:\/\/ytmp3.pet\/?page_id=9"},"modified":"2024-09-28T09:58:00","modified_gmt":"2024-09-28T09:58:00","slug":"contact-us","status":"publish","type":"page","link":"https:\/\/ytmp3.pet\/ptota\/contact-us\/","title":{"rendered":"Entre em contato conosco"},"content":{"rendered":"<p><!-- Contact Us Page for YouTubeMP4Free.com --><\/p>\n<section class=\"contact-us\">\n<div class=\"container\">\n<p>Gostar\u00edamos muito de ouvir sua opini\u00e3o! Se tiver d\u00favidas, coment\u00e1rios ou precisar de ajuda com nosso servi\u00e7o de convers\u00e3o de YouTube para MP3, sinta-se \u00e0 vontade para entrar em contato. Em <strong>YTMP3.PET<\/strong>Com o objetivo de fornecer um excelente suporte e garantir que sua experi\u00eancia seja tranquila e agrad\u00e1vel, estamos comprometidos em fornecer um suporte excelente e garantir que sua experi\u00eancia seja tranquila e agrad\u00e1vel.<\/p>\n<h4><strong>Como entrar em contato conosco:<\/strong><\/h4>\n<ul>\n<li><strong>E-mail:<\/strong> <a rel=\"noopener\">support@ytmp3.pet<\/a><br \/>\nEntre em contato conosco por e-mail para fazer perguntas, obter suporte t\u00e9cnico ou feedback. Nosso objetivo \u00e9 responder a todas as mensagens em at\u00e9 24 horas.<\/li>\n<\/ul>\n<hr \/>\n<h3><strong>Perguntas frequentes:<\/strong><\/h3>\n<p>Antes de entrar em contato, n\u00e3o se esque\u00e7a de verificar nosso <strong><a href=\"\/ptota\/\" rel=\"noopener\">Perguntas frequentes<\/a> <\/strong>para obter respostas r\u00e1pidas a perguntas comuns sobre nosso servi\u00e7o de convers\u00e3o de YouTube para MP3.<\/p>\n<hr \/>\n<h3><strong>Siga-nos:<\/strong><\/h3>\n<p>Mantenha-se atualizado com os \u00faltimos recursos e not\u00edcias de <strong>YTMP3.PET<\/strong> seguindo-nos nas m\u00eddias sociais:<\/p>\n<ul>\n<li><strong>Facebook:<\/strong> <a href=\"#\" rel=\"noopener\">facebook.com\/YTMP3.PET<\/a><\/li>\n<li><strong>Twitter:<\/strong> <a href=\"#\" rel=\"noopener\">twitter.com\/YTMP3.PET<\/a><\/li>\n<\/ul>\n<hr \/>\n<p>Estamos aqui para tornar seu processo de convers\u00e3o de YouTube para MP3 o mais simples poss\u00edvel. N\u00e3o hesite em entrar em contato conosco - estamos sempre dispostos a ajudar!<\/p>\n<\/div>\n<\/section>","protected":false},"excerpt":{"rendered":"<p>We\u2019d love to hear from you! Whether you have questions, feedback, or need assistance with our YouTube to MP3 conversion service, feel free to reach out. At YTMP3.PET, we are committed to providing excellent support and making sure your experience is smooth and enjoyable. How to Contact Us: Email: support@ytmp3.pet Reach us via email for [&hellip;]<\/p>","protected":false},"author":1,"featured_media":0,"parent":0,"menu_order":0,"comment_status":"closed","ping_status":"closed","template":"","meta":{"footnotes":""},"class_list":["post-9","page","type-page","status-publish","hentry"],"_links":{"self":[{"href":"https:\/\/ytmp3.pet\/ptota\/wp-json\/wp\/v2\/pages\/9","targetHints":{"allow":["GET"]}}],"collection":[{"href":"https:\/\/ytmp3.pet\/ptota\/wp-json\/wp\/v2\/pages"}],"about":[{"href":"https:\/\/ytmp3.pet\/ptota\/wp-json\/wp\/v2\/types\/page"}],"author":[{"embeddable":true,"href":"https:\/\/ytmp3.pet\/ptota\/wp-json\/wp\/v2\/users\/1"}],"replies":[{"embeddable":true,"href":"https:\/\/ytmp3.pet\/ptota\/wp-json\/wp\/v2\/comments?post=9"}],"version-history":[{"count":0,"href":"https:\/\/ytmp3.pet\/ptota\/wp-json\/wp\/v2\/pages\/9\/revisions"}],"wp:attachment":[{"href":"https:\/\/ytmp3.pet\/ptota\/wp-json\/wp\/v2\/media?parent=9"}],"curies":[{"name":"wp","href":"https:\/\/api.w.org\/{rel}","templated":true}]}}