{"id":8,"date":"2024-09-26T06:58:19","date_gmt":"2024-09-26T06:58:19","guid":{"rendered":"https:\/\/ytmp3.pet\/?page_id=8"},"modified":"2024-09-28T09:59:51","modified_gmt":"2024-09-28T09:59:51","slug":"terms-of-service","status":"publish","type":"page","link":"https:\/\/ytmp3.pet\/ptota\/terms-of-service\/","title":{"rendered":"Termos de Servi\u00e7o"},"content":{"rendered":"<p><!-- Terms of Service Page for YouTubeMP4Free.com --><\/p>\n<section class=\"terms-of-service\">\n<div class=\"container\"><!-- Page Title --><!-- Effective Date --><\/p>\n<h3><strong>Termos de Servi\u00e7o<\/strong><\/h3>\n<p><strong>Data de vig\u00eancia:<\/strong> 09\/09\/2024<\/p>\n<p>Bem-vindo ao <strong>YTMP3.PET<\/strong>. Ao acessar ou usar nosso site e nossos servi\u00e7os, voc\u00ea concorda em cumprir e estar vinculado aos seguintes Termos de Servi\u00e7o. Leia estes termos com aten\u00e7\u00e3o, pois eles regem o uso do nosso servi\u00e7o de convers\u00e3o de YouTube para MP3. Se voc\u00ea n\u00e3o concordar com esses termos, n\u00e3o dever\u00e1 usar nosso site ou servi\u00e7os.<\/p>\n<h3><strong>1. Aceita\u00e7\u00e3o dos termos<\/strong><\/h3>\n<p>Ao usar <strong>YTMP3.PET<\/strong>Ao acessar o site, voc\u00ea concorda com estes Termos de Servi\u00e7o, com nossa Pol\u00edtica de Privacidade e com quaisquer outras leis ou regulamentos aplic\u00e1veis que regem o uso de nosso servi\u00e7o. Esses termos se aplicam a todos os usu\u00e1rios do site, inclusive visitantes, usu\u00e1rios registrados e qualquer pessoa que acesse nossos servi\u00e7os.<\/p>\n<h3><strong>2. Uso do servi\u00e7o<\/strong><\/h3>\n<p><strong>YTMP3.PET<\/strong> fornece uma ferramenta on-line gratuita para converter v\u00eddeos do YouTube em arquivos de \u00e1udio MP3 somente para uso pessoal. Ao usar nosso servi\u00e7o, voc\u00ea concorda com as seguintes condi\u00e7\u00f5es:<\/p>\n<ul>\n<li><strong>Uso legal:<\/strong> Voc\u00ea concorda em usar nosso servi\u00e7o somente para fins legais. Voc\u00ea deve cumprir todas as leis locais, estaduais, nacionais e internacionais, inclusive as leis de direitos autorais.<\/li>\n<li><strong>Uso pessoal:<\/strong> Nosso servi\u00e7o \u00e9 destinado ao uso pessoal e n\u00e3o comercial. Voc\u00ea n\u00e3o tem permiss\u00e3o para usar nossa plataforma para fins ilegais ou comerciais, incluindo a distribui\u00e7\u00e3o n\u00e3o autorizada de conte\u00fado protegido por direitos autorais.<\/li>\n<li><strong>A\u00e7\u00f5es proibidas:<\/strong> Voc\u00ea concorda em n\u00e3o fazer uso indevido do servi\u00e7o por meio de atividades como engenharia reversa, raspagem de dados, hacking ou tentativa de comprometer a seguran\u00e7a do nosso site.<\/li>\n<\/ul>\n<h3><strong>3. Propriedade intelectual e direitos autorais<\/strong><\/h3>\n<p>Todo o conte\u00fado dispon\u00edvel por meio de <strong>YTMP3.PET<\/strong>incluindo texto, gr\u00e1ficos, logotipos e software, \u00e9 de propriedade de <strong>YTMP3.PET<\/strong> ou de seus licenciadores e \u00e9 protegido por leis de propriedade intelectual. Voc\u00ea recebe um direito limitado, n\u00e3o exclusivo e intransfer\u00edvel de usar nosso servi\u00e7o apenas para uso pessoal.<\/p>\n<p>Ao usar nosso servi\u00e7o, voc\u00ea concorda em n\u00e3o violar as leis de direitos autorais. <strong>YTMP3.PET<\/strong> n\u00e3o incentiva nem tolera o download de material protegido por direitos autorais sem a devida autoriza\u00e7\u00e3o do detentor dos direitos. Voc\u00ea \u00e9 respons\u00e1vel por garantir que seu uso do servi\u00e7o esteja em conformidade com todas as leis de direitos autorais aplic\u00e1veis.<\/p>\n<h3><strong>4. Limita\u00e7\u00e3o de responsabilidade<\/strong><\/h3>\n<p><strong>YTMP3.PET<\/strong> \u00e9 fornecido \"no estado em que se encontra\" e \"conforme dispon\u00edvel\", sem quaisquer garantias, expressas ou impl\u00edcitas. N\u00e3o garantimos que o servi\u00e7o ser\u00e1 isento de erros, ininterrupto ou livre de componentes nocivos, como v\u00edrus ou malware.<\/p>\n<p>Em nenhuma hip\u00f3tese <strong>YTMP3.PET<\/strong>A empresa, seus propriet\u00e1rios, afiliados ou parceiros ser\u00e3o respons\u00e1veis por quaisquer danos, incluindo, entre outros, danos diretos, indiretos, incidentais ou consequenciais, decorrentes do uso ou da incapacidade de usar o servi\u00e7o. Voc\u00ea concorda em usar nosso servi\u00e7o por sua pr\u00f3pria conta e risco.<\/p>\n<h3><strong>5. Isen\u00e7\u00e3o de garantias<\/strong><\/h3>\n<p>Fornecemos nosso servi\u00e7o \"no estado em que se encontra\" e \"conforme dispon\u00edvel\". <strong>YTMP3.PET<\/strong> n\u00e3o oferece nenhuma garantia ou representa\u00e7\u00e3o, expressa ou impl\u00edcita, com rela\u00e7\u00e3o \u00e0 opera\u00e7\u00e3o de nosso site ou ao conte\u00fado, \u00e0 funcionalidade ou \u00e0 confiabilidade dos servi\u00e7os que fornecemos.<\/p>\n<p>N\u00f3s nos isentamos de quaisquer garantias de comercializa\u00e7\u00e3o, adequa\u00e7\u00e3o a uma finalidade espec\u00edfica e n\u00e3o viola\u00e7\u00e3o. N\u00e3o garantimos que o servi\u00e7o atender\u00e1 \u00e0s suas expectativas ou que quaisquer erros ser\u00e3o corrigidos.<\/p>\n<h3><strong>6. Modifica\u00e7\u00f5es no Servi\u00e7o<\/strong><\/h3>\n<p>Reservamo-nos o direito de modificar, suspender ou descontinuar qualquer aspecto do servi\u00e7o a qualquer momento, sem aviso pr\u00e9vio. Isso inclui, mas n\u00e3o se limita a, altera\u00e7\u00f5es na funcionalidade, no design e na disponibilidade. Tamb\u00e9m nos reservamos o direito de atualizar estes Termos de Servi\u00e7o a nosso crit\u00e9rio. Todas as atualiza\u00e7\u00f5es entrar\u00e3o em vigor imediatamente ap\u00f3s a publica\u00e7\u00e3o nesta p\u00e1gina. O uso continuado do servi\u00e7o ap\u00f3s qualquer altera\u00e7\u00e3o nos termos indica a aceita\u00e7\u00e3o dos novos termos.<\/p>\n<h3><strong>7. Encerramento do acesso<\/strong><\/h3>\n<p>Reservamo-nos o direito de encerrar ou suspender seu acesso a <strong>YTMP3.PET<\/strong> a qualquer momento e sem aviso pr\u00e9vio, por qualquer motivo, inclusive viola\u00e7\u00e3o destes Termos de Servi\u00e7o. Nesses casos, voc\u00ea n\u00e3o estar\u00e1 mais autorizado a usar nosso servi\u00e7o, e poderemos tomar todas as medidas legais ou t\u00e9cnicas necess\u00e1rias para impedir o uso n\u00e3o autorizado.<\/p>\n<h3><strong>8. Links de terceiros<\/strong><\/h3>\n<p>Nosso site pode conter links para sites ou servi\u00e7os de terceiros que n\u00e3o s\u00e3o de propriedade ou controlados pela <strong>YTMP3.PET<\/strong>. N\u00e3o temos controle e n\u00e3o assumimos nenhuma responsabilidade pelo conte\u00fado, pol\u00edticas de privacidade ou pr\u00e1ticas de sites de terceiros. Recomendamos enfaticamente que voc\u00ea leia os termos e condi\u00e7\u00f5es e as pol\u00edticas de privacidade de todos os sites de terceiros que visitar.<\/p>\n<h3><strong>9. Legisla\u00e7\u00e3o aplic\u00e1vel<\/strong><\/h3>\n<p>Estes Termos de Servi\u00e7o e quaisquer disputas decorrentes ou relacionadas ao seu uso de <strong>YTMP3.PET<\/strong> ser\u00e3o regidos e interpretados de acordo com as leis de [Sua Jurisdi\u00e7\u00e3o]. Qualquer a\u00e7\u00e3o ou processo legal relacionado a estes termos dever\u00e1 ser levado exclusivamente aos tribunais localizados em [Sua Jurisdi\u00e7\u00e3o].<\/p>\n<h3><strong>10. Informa\u00e7\u00f5es de contato<\/strong><\/h3>\n<p>Se tiver alguma d\u00favida ou preocupa\u00e7\u00e3o com rela\u00e7\u00e3o a estes Termos de Servi\u00e7o, entre em contato conosco pelo e-mail:<\/p>\n<ul>\n<li><strong>E-mail:<\/strong> <a rel=\"noopener\">support@ytmp3.pet<\/a><\/li>\n<\/ul>\n<hr \/>\n<p>Ao usar <strong>YTMP3.PET<\/strong>Ao acessar o site, voc\u00ea reconhece que leu, entendeu e concordou com estes Termos de Servi\u00e7o. Recomendamos que voc\u00ea consulte esta p\u00e1gina regularmente para verificar se h\u00e1 atualiza\u00e7\u00f5es ou altera\u00e7\u00f5es.<\/p>\n<\/div>\n<\/section>","protected":false},"excerpt":{"rendered":"<p>Terms of Service Effective Date: 09\/09\/2024 Welcome to YTMP3.PET. By accessing or using our website and services, you agree to comply with and be bound by the following Terms of Service. Please read these terms carefully, as they govern your use of our YouTube to MP3 conversion service. If you do not agree to these [&hellip;]<\/p>","protected":false},"author":1,"featured_media":0,"parent":0,"menu_order":0,"comment_status":"closed","ping_status":"closed","template":"","meta":{"footnotes":""},"class_list":["post-8","page","type-page","status-publish","hentry"],"_links":{"self":[{"href":"https:\/\/ytmp3.pet\/ptota\/wp-json\/wp\/v2\/pages\/8","targetHints":{"allow":["GET"]}}],"collection":[{"href":"https:\/\/ytmp3.pet\/ptota\/wp-json\/wp\/v2\/pages"}],"about":[{"href":"https:\/\/ytmp3.pet\/ptota\/wp-json\/wp\/v2\/types\/page"}],"author":[{"embeddable":true,"href":"https:\/\/ytmp3.pet\/ptota\/wp-json\/wp\/v2\/users\/1"}],"replies":[{"embeddable":true,"href":"https:\/\/ytmp3.pet\/ptota\/wp-json\/wp\/v2\/comments?post=8"}],"version-history":[{"count":0,"href":"https:\/\/ytmp3.pet\/ptota\/wp-json\/wp\/v2\/pages\/8\/revisions"}],"wp:attachment":[{"href":"https:\/\/ytmp3.pet\/ptota\/wp-json\/wp\/v2\/media?parent=8"}],"curies":[{"name":"wp","href":"https:\/\/api.w.org\/{rel}","templated":true}]}}