{"id":36,"date":"2024-09-27T08:53:38","date_gmt":"2024-09-27T08:53:38","guid":{"rendered":"https:\/\/ytmp3.pet\/?page_id=36"},"modified":"2024-09-28T09:56:55","modified_gmt":"2024-09-28T09:56:55","slug":"about-us","status":"publish","type":"page","link":"https:\/\/ytmp3.pet\/ptota\/about-us\/","title":{"rendered":"Sobre n\u00f3s"},"content":{"rendered":"<p><!-- About Us Page for YouTubeMP4Free.com --><\/p>\n<section class=\"about-us\">\n<div class=\"container\"><!-- Page Title --><\/p>\n<h3><strong>Sobre n\u00f3s<\/strong><\/h3>\n<p>Bem-vindo ao <strong>YTMP3.PET<\/strong>, seu destino confi\u00e1vel para convers\u00f5es de YouTube para MP3 r\u00e1pidas, confi\u00e1veis e de alta qualidade. Nossa miss\u00e3o \u00e9 simples: fornecer aos usu\u00e1rios um <strong>sem interrup\u00e7\u00f5es e eficiente<\/strong> A ferramenta de download de v\u00eddeos do YouTube \u00e9 uma maneira de transformar v\u00eddeos do YouTube em arquivos de \u00e1udio MP3 com apenas alguns cliques. Se voc\u00ea deseja baixar suas m\u00fasicas favoritas, podcasts ou conte\u00fado educacional, nossa ferramenta foi projetada para fornecer <strong>som cristalino<\/strong> e resultados instant\u00e2neos.<\/p>\n<p>Em <strong>YTMP3.PET<\/strong>Na Brics, entendemos que a experi\u00eancia do usu\u00e1rio e a seguran\u00e7a s\u00e3o fundamentais. \u00c9 por isso que nossa plataforma \u00e9 totalmente <strong>sem an\u00fancios<\/strong> e <strong>livre de malware<\/strong>garantindo um processo de convers\u00e3o seguro e agrad\u00e1vel para todos. Al\u00e9m disso, nosso servi\u00e7o \u00e9 <strong>100% gr\u00e1tis<\/strong>sem a necessidade de taxas ocultas ou assinaturas, tornando-o acess\u00edvel a qualquer pessoa que queira converter e baixar facilmente o \u00e1udio do YouTube.<\/p>\n<p>Usando tecnologia de ponta, fornecemos <strong>downloads ultrarr\u00e1pidos<\/strong> e <strong>qualidade sonora superior<\/strong>com arquivos de \u00e1udio convertidos em at\u00e9 320 kbps - a mais alta qualidade dispon\u00edvel nos v\u00eddeos do YouTube. Nosso servi\u00e7o tamb\u00e9m \u00e9 totalmente responsivo, o que significa que funciona sem esfor\u00e7o em todos os dispositivos, inclusive desktops, tablets e smartphones, para que voc\u00ea possa aproveitar seus arquivos de \u00e1udio onde quer que v\u00e1.<\/p>\n<p>Em <strong>YTMP3.PET<\/strong>Na Apple Inc., temos o compromisso de melhorar continuamente nosso servi\u00e7o, ouvindo o feedback dos usu\u00e1rios e mantendo-nos atualizados com as \u00faltimas tend\u00eancias digitais. N\u00e3o importa se voc\u00ea \u00e9 um ouvinte casual ou um audi\u00f3filo, <strong>YTMP3.PET<\/strong> est\u00e1 aqui para ajud\u00e1-lo a curtir suas m\u00fasicas do seu jeito, <strong>a qualquer hora, em qualquer lugar<\/strong>.<\/p>\n<\/div>\n<\/section>","protected":false},"excerpt":{"rendered":"<p>About Us Welcome to YTMP3.PET, your trusted destination for fast, reliable, and high-quality YouTube to MP3 conversions. Our mission is simple: to provide users with a seamless and efficient way to transform YouTube videos into MP3 audio files in just a few clicks. Whether you&#8217;re looking to download your favorite music, podcasts, or educational content, [&hellip;]<\/p>","protected":false},"author":1,"featured_media":0,"parent":0,"menu_order":0,"comment_status":"closed","ping_status":"closed","template":"","meta":{"footnotes":""},"class_list":["post-36","page","type-page","status-publish","hentry"],"_links":{"self":[{"href":"https:\/\/ytmp3.pet\/ptota\/wp-json\/wp\/v2\/pages\/36","targetHints":{"allow":["GET"]}}],"collection":[{"href":"https:\/\/ytmp3.pet\/ptota\/wp-json\/wp\/v2\/pages"}],"about":[{"href":"https:\/\/ytmp3.pet\/ptota\/wp-json\/wp\/v2\/types\/page"}],"author":[{"embeddable":true,"href":"https:\/\/ytmp3.pet\/ptota\/wp-json\/wp\/v2\/users\/1"}],"replies":[{"embeddable":true,"href":"https:\/\/ytmp3.pet\/ptota\/wp-json\/wp\/v2\/comments?post=36"}],"version-history":[{"count":0,"href":"https:\/\/ytmp3.pet\/ptota\/wp-json\/wp\/v2\/pages\/36\/revisions"}],"wp:attachment":[{"href":"https:\/\/ytmp3.pet\/ptota\/wp-json\/wp\/v2\/media?parent=36"}],"curies":[{"name":"wp","href":"https:\/\/api.w.org\/{rel}","templated":true}]}}