{"id":8,"date":"2024-09-26T06:58:19","date_gmt":"2024-09-26T06:58:19","guid":{"rendered":"https:\/\/ytmp3.pet\/?page_id=8"},"modified":"2024-09-28T09:59:51","modified_gmt":"2024-09-28T09:59:51","slug":"terms-of-service","status":"publish","type":"page","link":"https:\/\/ytmp3.pet\/itota\/terms-of-service\/","title":{"rendered":"Termini di servizio"},"content":{"rendered":"<p><!-- Terms of Service Page for YouTubeMP4Free.com --><\/p>\n<section class=\"terms-of-service\">\n<div class=\"container\"><!-- Page Title --><!-- Effective Date --><\/p>\n<h3><strong>Termini di servizio<\/strong><\/h3>\n<p><strong>Data di entrata in vigore:<\/strong> 09\/09\/2024<\/p>\n<p>Benvenuti a <strong>YTMP3.PET<\/strong>. Accedendo o utilizzando il nostro sito web e i nostri servizi, l'utente accetta di rispettare e di essere vincolato dai seguenti Termini di servizio. Si prega di leggere attentamente questi termini, in quanto regolano l'uso del nostro servizio di conversione da YouTube a MP3. Se non si accettano questi termini, non si devono utilizzare il nostro sito web o i nostri servizi.<\/p>\n<h3><strong>1. Accettazione dei termini<\/strong><\/h3>\n<p>Utilizzando <strong>YTMP3.PET<\/strong>L'utente accetta i presenti Termini di servizio, la nostra Informativa sulla privacy e qualsiasi altra legge o regolamento applicabile che disciplini l'uso del nostro servizio. Questi termini si applicano a tutti gli utenti del sito web, compresi i visitatori, gli utenti registrati e chiunque acceda ai nostri servizi.<\/p>\n<h3><strong>2. Utilizzo del servizio<\/strong><\/h3>\n<p><strong>YTMP3.PET<\/strong> fornisce uno strumento online gratuito per convertire i video di YouTube in file audio MP3 solo per uso personale. Utilizzando il nostro servizio, l'utente accetta le seguenti condizioni:<\/p>\n<ul>\n<li><strong>Uso legittimo:<\/strong> L'utente accetta di utilizzare il nostro servizio solo per scopi leciti. L'utente deve rispettare tutte le leggi locali, statali, nazionali e internazionali, comprese quelle sul copyright.<\/li>\n<li><strong>Uso personale:<\/strong> Il nostro servizio \u00e8 destinato a un uso personale e non commerciale. Non \u00e8 consentito utilizzare la nostra piattaforma per scopi illegali o commerciali, compresa la distribuzione non autorizzata di contenuti protetti da copyright.<\/li>\n<li><strong>Azioni vietate:<\/strong> L'utente accetta di non abusare del servizio intraprendendo attivit\u00e0 quali reverse engineering, data scraping, hacking o tentando di compromettere la sicurezza del nostro sito web.<\/li>\n<\/ul>\n<h3><strong>3. Propriet\u00e0 intellettuale e copyright<\/strong><\/h3>\n<p>Tutti i contenuti disponibili attraverso <strong>YTMP3.PET<\/strong>, compresi testi, grafica, loghi e software, \u00e8 di propriet\u00e0 di <strong>YTMP3.PET<\/strong> o dei suoi licenziatari ed \u00e8 protetto dalle leggi sulla propriet\u00e0 intellettuale. All'utente viene concesso un diritto limitato, non esclusivo e non trasferibile di utilizzare il nostro servizio solo per uso personale.<\/p>\n<p>Utilizzando il nostro servizio, l'utente accetta di non violare le leggi sul copyright. <strong>YTMP3.PET<\/strong> non incoraggia n\u00e9 tollera il download di materiale protetto da copyright senza l'autorizzazione del titolare dei diritti. \u00c8 responsabilit\u00e0 dell'utente assicurarsi che il suo utilizzo del servizio sia conforme a tutte le leggi sul copyright applicabili.<\/p>\n<h3><strong>4. Limitazione di responsabilit\u00e0<\/strong><\/h3>\n<p><strong>YTMP3.PET<\/strong> viene fornito \"cos\u00ec com'\u00e8\" e \"come disponibile\" senza alcuna garanzia, n\u00e9 esplicita n\u00e9 implicita. Non garantiamo che il servizio sia privo di errori, ininterrotto o privo di componenti dannosi come virus o malware.<\/p>\n<p>In nessun caso <strong>YTMP3.PET<\/strong>I suoi proprietari, affiliati o partner non saranno responsabili di alcun danno, compresi, a titolo esemplificativo, i danni diretti, indiretti, incidentali o consequenziali, derivanti dall'uso o dall'impossibilit\u00e0 di utilizzare il servizio. L'utente accetta di utilizzare il nostro servizio a proprio rischio e pericolo.<\/p>\n<h3><strong>5. Esclusione di garanzie<\/strong><\/h3>\n<p>Forniamo il nostro servizio \"cos\u00ec com'\u00e8\" e \"come disponibile\". <strong>YTMP3.PET<\/strong> non fornisce alcuna garanzia o dichiarazione, espressa o implicita, in merito al funzionamento del nostro sito web o al contenuto, alla funzionalit\u00e0 o all'affidabilit\u00e0 dei servizi da noi forniti.<\/p>\n<p>Decliniamo qualsiasi garanzia di commerciabilit\u00e0, idoneit\u00e0 per uno scopo particolare e non violazione. Non garantiamo che il servizio soddisfi le vostre aspettative o che eventuali errori vengano corretti.<\/p>\n<h3><strong>6. Modifiche al Servizio<\/strong><\/h3>\n<p>Ci riserviamo il diritto di modificare, sospendere o interrompere qualsiasi aspetto del servizio in qualsiasi momento senza preavviso. Ci\u00f2 include, a titolo esemplificativo ma non esaustivo, modifiche alla funzionalit\u00e0, al design e alla disponibilit\u00e0. Ci riserviamo inoltre il diritto di aggiornare i presenti Termini di servizio a nostra discrezione. Qualsiasi aggiornamento sar\u00e0 effettivo immediatamente dopo la pubblicazione su questa pagina. L'uso continuato del servizio dopo qualsiasi modifica dei termini indica l'accettazione dei nuovi termini.<\/p>\n<h3><strong>7. Cessazione dell'accesso<\/strong><\/h3>\n<p>Ci riserviamo il diritto di interrompere o sospendere l'accesso dell'utente a <strong>YTMP3.PET<\/strong> in qualsiasi momento e senza preavviso, per qualsiasi motivo, compresa la violazione dei presenti Termini di servizio. In questi casi, l'utente non sar\u00e0 pi\u00f9 autorizzato a utilizzare il nostro servizio e noi potremo intraprendere qualsiasi azione legale o tecnica necessaria per impedire l'uso non autorizzato.<\/p>\n<h3><strong>8. Link di terze parti<\/strong><\/h3>\n<p>Il nostro sito web pu\u00f2 contenere link a siti web o servizi di terzi che non sono di propriet\u00e0 o controllati da <strong>YTMP3.PET<\/strong>. Non abbiamo alcun controllo e non ci assumiamo alcuna responsabilit\u00e0 per il contenuto, le politiche sulla privacy o le pratiche dei siti web di terzi. Si consiglia vivamente di leggere i termini e le condizioni e le politiche sulla privacy dei siti web di terzi visitati.<\/p>\n<h3><strong>9. Legge applicabile<\/strong><\/h3>\n<p>I presenti Termini di servizio e qualsiasi controversia derivante o connessa all'uso di <strong>YTMP3.PET<\/strong> saranno disciplinati e interpretati in conformit\u00e0 alle leggi di [Giurisdizione dell'utente]. Qualsiasi azione o procedimento legale relativo a questi termini dovr\u00e0 essere portato avanti esclusivamente nei tribunali situati in [Giurisdizione dell'utente].<\/p>\n<h3><strong>10. Informazioni di contatto<\/strong><\/h3>\n<p>In caso di domande o dubbi relativi ai presenti Termini di servizio, si prega di contattarci all'indirizzo:<\/p>\n<ul>\n<li><strong>E-mail:<\/strong> <a rel=\"noopener\">support@ytmp3.pet<\/a><\/li>\n<\/ul>\n<hr \/>\n<p>Utilizzando <strong>YTMP3.PET<\/strong>l'utente dichiara di aver letto, compreso e accettato i presenti Termini di servizio. Vi invitiamo a controllare regolarmente questa pagina per eventuali aggiornamenti o modifiche.<\/p>\n<\/div>\n<\/section>","protected":false},"excerpt":{"rendered":"<p>Terms of Service Effective Date: 09\/09\/2024 Welcome to YTMP3.PET. By accessing or using our website and services, you agree to comply with and be bound by the following Terms of Service. Please read these terms carefully, as they govern your use of our YouTube to MP3 conversion service. If you do not agree to these [&hellip;]<\/p>","protected":false},"author":1,"featured_media":0,"parent":0,"menu_order":0,"comment_status":"closed","ping_status":"closed","template":"","meta":{"footnotes":""},"class_list":["post-8","page","type-page","status-publish","hentry"],"_links":{"self":[{"href":"https:\/\/ytmp3.pet\/itota\/wp-json\/wp\/v2\/pages\/8","targetHints":{"allow":["GET"]}}],"collection":[{"href":"https:\/\/ytmp3.pet\/itota\/wp-json\/wp\/v2\/pages"}],"about":[{"href":"https:\/\/ytmp3.pet\/itota\/wp-json\/wp\/v2\/types\/page"}],"author":[{"embeddable":true,"href":"https:\/\/ytmp3.pet\/itota\/wp-json\/wp\/v2\/users\/1"}],"replies":[{"embeddable":true,"href":"https:\/\/ytmp3.pet\/itota\/wp-json\/wp\/v2\/comments?post=8"}],"version-history":[{"count":0,"href":"https:\/\/ytmp3.pet\/itota\/wp-json\/wp\/v2\/pages\/8\/revisions"}],"wp:attachment":[{"href":"https:\/\/ytmp3.pet\/itota\/wp-json\/wp\/v2\/media?parent=8"}],"curies":[{"name":"wp","href":"https:\/\/api.w.org\/{rel}","templated":true}]}}