{"id":36,"date":"2024-09-27T08:53:38","date_gmt":"2024-09-27T08:53:38","guid":{"rendered":"https:\/\/ytmp3.pet\/?page_id=36"},"modified":"2024-09-28T09:56:55","modified_gmt":"2024-09-28T09:56:55","slug":"about-us","status":"publish","type":"page","link":"https:\/\/ytmp3.pet\/itota\/about-us\/","title":{"rendered":"Chi siamo"},"content":{"rendered":"<p><!-- About Us Page for YouTubeMP4Free.com --><\/p>\n<section class=\"about-us\">\n<div class=\"container\"><!-- Page Title --><\/p>\n<h3><strong>Chi siamo<\/strong><\/h3>\n<p>Benvenuti a <strong>YTMP3.PET<\/strong>, la vostra destinazione di fiducia per conversioni da YouTube a MP3 veloci, affidabili e di alta qualit\u00e0. La nostra missione \u00e8 semplice: fornire agli utenti una <strong>senza soluzione di continuit\u00e0 e in modo efficiente<\/strong> per trasformare i video di YouTube in file audio MP3 in pochi clic. Se state cercando di scaricare la vostra musica preferita, i podcast o i contenuti didattici, il nostro strumento \u00e8 stato progettato per fornire <strong>suono cristallino<\/strong> e risultati immediati.<\/p>\n<p>A <strong>YTMP3.PET<\/strong>Siamo consapevoli che l'esperienza dell'utente e la sicurezza sono fondamentali. Ecco perch\u00e9 la nostra piattaforma \u00e8 completamente <strong>senza pubblicit\u00e0<\/strong> e <strong>privo di malware<\/strong>garantendo un processo di conversione sicuro e piacevole per tutti. Inoltre, il nostro servizio \u00e8 <strong>100% gratuito<\/strong>Senza costi nascosti o abbonamenti, \u00e8 accessibile a chiunque voglia convertire e scaricare facilmente l'audio di YouTube.<\/p>\n<p>Utilizzando una tecnologia all'avanguardia, forniamo <strong>Download veloci come la luce<\/strong> e <strong>qualit\u00e0 audio superiore<\/strong>con file audio convertiti fino a 320kbps, la massima qualit\u00e0 disponibile per i video di YouTube. Il nostro servizio \u00e8 anche completamente reattivo, il che significa che funziona senza problemi su tutti i dispositivi, compresi desktop, tablet e smartphone, in modo che possiate godervi i vostri file audio ovunque andiate.<\/p>\n<p>A <strong>YTMP3.PET<\/strong>Siamo impegnati a migliorare continuamente il nostro servizio ascoltando i feedback degli utenti e rimanendo aggiornati sulle ultime tendenze digitali. Che siate ascoltatori occasionali o audiofili, <strong>YTMP3.PET<\/strong> \u00e8 qui per aiutarvi a godervi la musica alle vostre condizioni, <strong>sempre e ovunque<\/strong>.<\/p>\n<\/div>\n<\/section>","protected":false},"excerpt":{"rendered":"<p>About Us Welcome to YTMP3.PET, your trusted destination for fast, reliable, and high-quality YouTube to MP3 conversions. Our mission is simple: to provide users with a seamless and efficient way to transform YouTube videos into MP3 audio files in just a few clicks. Whether you&#8217;re looking to download your favorite music, podcasts, or educational content, [&hellip;]<\/p>","protected":false},"author":1,"featured_media":0,"parent":0,"menu_order":0,"comment_status":"closed","ping_status":"closed","template":"","meta":{"footnotes":""},"class_list":["post-36","page","type-page","status-publish","hentry"],"_links":{"self":[{"href":"https:\/\/ytmp3.pet\/itota\/wp-json\/wp\/v2\/pages\/36","targetHints":{"allow":["GET"]}}],"collection":[{"href":"https:\/\/ytmp3.pet\/itota\/wp-json\/wp\/v2\/pages"}],"about":[{"href":"https:\/\/ytmp3.pet\/itota\/wp-json\/wp\/v2\/types\/page"}],"author":[{"embeddable":true,"href":"https:\/\/ytmp3.pet\/itota\/wp-json\/wp\/v2\/users\/1"}],"replies":[{"embeddable":true,"href":"https:\/\/ytmp3.pet\/itota\/wp-json\/wp\/v2\/comments?post=36"}],"version-history":[{"count":0,"href":"https:\/\/ytmp3.pet\/itota\/wp-json\/wp\/v2\/pages\/36\/revisions"}],"wp:attachment":[{"href":"https:\/\/ytmp3.pet\/itota\/wp-json\/wp\/v2\/media?parent=36"}],"curies":[{"name":"wp","href":"https:\/\/api.w.org\/{rel}","templated":true}]}}