{"id":9,"date":"2024-09-26T06:59:05","date_gmt":"2024-09-26T06:59:05","guid":{"rendered":"https:\/\/ytmp3.pet\/?page_id=9"},"modified":"2024-09-28T09:58:00","modified_gmt":"2024-09-28T09:58:00","slug":"contact-us","status":"publish","type":"page","link":"https:\/\/ytmp3.pet\/frota\/contact-us\/","title":{"rendered":"Nous contacter"},"content":{"rendered":"<p><!-- Contact Us Page for YouTubeMP4Free.com --><\/p>\n<section class=\"contact-us\">\n<div class=\"container\">\n<p>Nous aimerions avoir de vos nouvelles ! Si vous avez des questions, des commentaires ou si vous avez besoin d'aide avec notre service de conversion de YouTube en MP3, n'h\u00e9sitez pas \u00e0 nous contacter. \u00c0 l'adresse <strong>YTMP3.PET<\/strong>Nous nous engageons \u00e0 vous fournir une excellente assistance et \u00e0 faire en sorte que votre exp\u00e9rience soit agr\u00e9able et sans accroc.<\/p>\n<h4><strong>Comment nous contacter :<\/strong><\/h4>\n<ul>\n<li><strong>Courriel :<\/strong> <a rel=\"noopener\">support@ytmp3.pet<\/a><br \/>\nContactez-nous par courrier \u00e9lectronique pour toute demande de renseignements, d'assistance technique ou de commentaires. Nous nous effor\u00e7ons de r\u00e9pondre \u00e0 tous les messages dans les 24 heures.<\/li>\n<\/ul>\n<hr \/>\n<h3><strong>Questions fr\u00e9quemment pos\u00e9es :<\/strong><\/h3>\n<p>Avant de prendre contact avec nous, n'oubliez pas de consulter notre site web. <strong><a href=\"\/frota\/\" rel=\"noopener\">FAQ<\/a> <\/strong>pour obtenir des r\u00e9ponses rapides aux questions les plus courantes concernant notre service de conversion de YouTube en MP3.<\/p>\n<hr \/>\n<h3><strong>Suivez-nous :<\/strong><\/h3>\n<p>Restez inform\u00e9 des derni\u00e8res fonctionnalit\u00e9s et actualit\u00e9s de <strong>YTMP3.PET<\/strong> en nous suivant sur les m\u00e9dias sociaux :<\/p>\n<ul>\n<li><strong>Facebook :<\/strong> <a href=\"#\" rel=\"noopener\">facebook.com\/YTMP3.PET<\/a><\/li>\n<li><strong>Twitter :<\/strong> <a href=\"#\" rel=\"noopener\">twitter.com\/YTMP3.PET<\/a><\/li>\n<\/ul>\n<hr \/>\n<p>Nous sommes l\u00e0 pour rendre votre processus de conversion de YouTube en MP3 aussi transparent que possible. N'h\u00e9sitez pas \u00e0 nous contacter, nous sommes toujours heureux de vous aider !<\/p>\n<\/div>\n<\/section>","protected":false},"excerpt":{"rendered":"<p>We\u2019d love to hear from you! Whether you have questions, feedback, or need assistance with our YouTube to MP3 conversion service, feel free to reach out. At YTMP3.PET, we are committed to providing excellent support and making sure your experience is smooth and enjoyable. How to Contact Us: Email: support@ytmp3.pet Reach us via email for [&hellip;]<\/p>","protected":false},"author":1,"featured_media":0,"parent":0,"menu_order":0,"comment_status":"closed","ping_status":"closed","template":"","meta":{"footnotes":""},"class_list":["post-9","page","type-page","status-publish","hentry"],"_links":{"self":[{"href":"https:\/\/ytmp3.pet\/frota\/wp-json\/wp\/v2\/pages\/9","targetHints":{"allow":["GET"]}}],"collection":[{"href":"https:\/\/ytmp3.pet\/frota\/wp-json\/wp\/v2\/pages"}],"about":[{"href":"https:\/\/ytmp3.pet\/frota\/wp-json\/wp\/v2\/types\/page"}],"author":[{"embeddable":true,"href":"https:\/\/ytmp3.pet\/frota\/wp-json\/wp\/v2\/users\/1"}],"replies":[{"embeddable":true,"href":"https:\/\/ytmp3.pet\/frota\/wp-json\/wp\/v2\/comments?post=9"}],"version-history":[{"count":0,"href":"https:\/\/ytmp3.pet\/frota\/wp-json\/wp\/v2\/pages\/9\/revisions"}],"wp:attachment":[{"href":"https:\/\/ytmp3.pet\/frota\/wp-json\/wp\/v2\/media?parent=9"}],"curies":[{"name":"wp","href":"https:\/\/api.w.org\/{rel}","templated":true}]}}