{"id":8,"date":"2024-09-26T06:58:19","date_gmt":"2024-09-26T06:58:19","guid":{"rendered":"https:\/\/ytmp3.pet\/?page_id=8"},"modified":"2024-09-28T09:59:51","modified_gmt":"2024-09-28T09:59:51","slug":"terms-of-service","status":"publish","type":"page","link":"https:\/\/ytmp3.pet\/frota\/terms-of-service\/","title":{"rendered":"Conditions d'utilisation"},"content":{"rendered":"<p><!-- Terms of Service Page for YouTubeMP4Free.com --><\/p>\n<section class=\"terms-of-service\">\n<div class=\"container\"><!-- Page Title --><!-- Effective Date --><\/p>\n<h3><strong>Conditions d'utilisation<\/strong><\/h3>\n<p><strong>Date d'entr\u00e9e en vigueur :<\/strong> 09\/09\/2024<\/p>\n<p>Bienvenue \u00e0 <strong>YTMP3.PET<\/strong>. En acc\u00e9dant \u00e0 notre site web et \u00e0 nos services ou en les utilisant, vous acceptez de vous conformer aux conditions d'utilisation suivantes et d'\u00eatre li\u00e9 par elles. Veuillez lire attentivement ces conditions, car elles r\u00e9gissent votre utilisation de notre service de conversion de YouTube en MP3. Si vous n'acceptez pas ces conditions, vous ne devez pas utiliser notre site web ou nos services.<\/p>\n<h3><strong>1. Acceptation des conditions<\/strong><\/h3>\n<p>En utilisant <strong>YTMP3.PET<\/strong>Si vous utilisez notre site web, vous acceptez les pr\u00e9sentes conditions de service, notre politique de confidentialit\u00e9 et toute autre loi ou r\u00e9glementation applicable r\u00e9gissant l'utilisation de notre service. Ces conditions s'appliquent \u00e0 tous les utilisateurs du site web, y compris les visiteurs, les utilisateurs enregistr\u00e9s et toute personne acc\u00e9dant \u00e0 nos services.<\/p>\n<h3><strong>2. Utilisation du service<\/strong><\/h3>\n<p><strong>YTMP3.PET<\/strong> fournit un outil en ligne gratuit pour convertir les vid\u00e9os YouTube en fichiers audio MP3 pour un usage personnel uniquement. En utilisant notre service, vous acceptez les conditions suivantes :<\/p>\n<ul>\n<li><strong>Utilisation l\u00e9gale :<\/strong> Vous acceptez de n'utiliser notre service qu'\u00e0 des fins l\u00e9gales. Vous devez respecter toutes les lois locales, nationales et internationales, y compris les lois sur les droits d'auteur.<\/li>\n<li><strong>Usage personnel :<\/strong> Notre service est destin\u00e9 \u00e0 un usage personnel et non commercial. Vous n'\u00eates pas autoris\u00e9 \u00e0 utiliser notre plateforme \u00e0 des fins ill\u00e9gales ou commerciales, y compris la distribution non autoris\u00e9e de contenus prot\u00e9g\u00e9s par des droits d'auteur.<\/li>\n<li><strong>Actions interdites :<\/strong> Vous acceptez de ne pas abuser du service en vous livrant \u00e0 des activit\u00e9s telles que l'ing\u00e9nierie inverse, le grattage de donn\u00e9es, le piratage ou la tentative de compromettre la s\u00e9curit\u00e9 de notre site web.<\/li>\n<\/ul>\n<h3><strong>3. Propri\u00e9t\u00e9 intellectuelle et droits d'auteur<\/strong><\/h3>\n<p>Tous les contenus disponibles sur <strong>YTMP3.PET<\/strong>y compris les textes, les graphiques, les logos et les logiciels, est la propri\u00e9t\u00e9 de <strong>YTMP3.PET<\/strong> ou de ses conc\u00e9dants de licence et est prot\u00e9g\u00e9 par les lois sur la propri\u00e9t\u00e9 intellectuelle. Vous disposez d'un droit limit\u00e9, non exclusif et non transf\u00e9rable d'utiliser notre service \u00e0 des fins personnelles uniquement.<\/p>\n<p>En utilisant notre service, vous acceptez de ne pas violer les lois sur les droits d'auteur. <strong>YTMP3.PET<\/strong> n'encourage ni ne tol\u00e8re le t\u00e9l\u00e9chargement de mat\u00e9riel prot\u00e9g\u00e9 par des droits d'auteur sans l'autorisation du d\u00e9tenteur des droits. Il vous incombe de veiller \u00e0 ce que votre utilisation du service soit conforme \u00e0 toutes les lois applicables en mati\u00e8re de droits d'auteur.<\/p>\n<h3><strong>4. Limitation de la responsabilit\u00e9<\/strong><\/h3>\n<p><strong>YTMP3.PET<\/strong> est fourni \"en l'\u00e9tat\" et \"tel que disponible\" sans aucune garantie, expresse ou implicite. Nous ne garantissons pas que le service sera exempt d'erreurs, ininterrompu ou d\u00e9pourvu de composants nuisibles tels que des virus ou des logiciels malveillants.<\/p>\n<p>En aucun cas <strong>YTMP3.PET<\/strong>Le service ne peut \u00eatre tenu pour responsable, par ses propri\u00e9taires, ses affili\u00e9s ou ses partenaires, de tout dommage, y compris, mais sans s'y limiter, les dommages directs, indirects, accessoires ou cons\u00e9cutifs, r\u00e9sultant de l'utilisation ou de l'impossibilit\u00e9 d'utiliser le service. Vous acceptez d'utiliser notre service \u00e0 vos propres risques.<\/p>\n<h3><strong>5. Exclusion de garantie<\/strong><\/h3>\n<p>Nous fournissons nos services \"en l'\u00e9tat\" et \"selon les disponibilit\u00e9s\". <strong>YTMP3.PET<\/strong> ne donne aucune garantie ni ne fait aucune d\u00e9claration, expresse ou implicite, concernant le fonctionnement de notre site web ou le contenu, la fonctionnalit\u00e9 ou la fiabilit\u00e9 des services que nous fournissons.<\/p>\n<p>Nous d\u00e9clinons toute garantie de qualit\u00e9 marchande, d'ad\u00e9quation \u00e0 un usage particulier et d'absence de contrefa\u00e7on. Nous ne garantissons pas que le service r\u00e9pondra \u00e0 vos attentes ou que toute erreur sera corrig\u00e9e.<\/p>\n<h3><strong>6. Modifications du service<\/strong><\/h3>\n<p>Nous nous r\u00e9servons le droit de modifier, de suspendre ou d'interrompre tout aspect du service \u00e0 tout moment et sans pr\u00e9avis. Cela inclut, sans s'y limiter, les changements de fonctionnalit\u00e9, de conception et de disponibilit\u00e9. Nous nous r\u00e9servons \u00e9galement le droit de mettre \u00e0 jour les pr\u00e9sentes conditions de service \u00e0 notre discr\u00e9tion. Toute mise \u00e0 jour entrera en vigueur d\u00e8s sa publication sur cette page. La poursuite de l'utilisation du service apr\u00e8s toute modification des conditions indique l'acceptation des nouvelles conditions.<\/p>\n<h3><strong>7. Cessation de l'acc\u00e8s<\/strong><\/h3>\n<p>Nous nous r\u00e9servons le droit de r\u00e9silier ou de suspendre votre acc\u00e8s \u00e0 <strong>YTMP3.PET<\/strong> \u00e0 tout moment et sans pr\u00e9avis, pour quelque raison que ce soit, y compris en cas de violation des pr\u00e9sentes conditions d'utilisation. Dans ce cas, vous ne serez plus autoris\u00e9 \u00e0 utiliser notre service et nous pourrons prendre toutes les mesures juridiques ou techniques n\u00e9cessaires pour emp\u00eacher toute utilisation non autoris\u00e9e.<\/p>\n<h3><strong>8. Liens avec des tiers<\/strong><\/h3>\n<p>Notre site web peut contenir des liens vers des sites web ou des services de tiers qui ne sont pas d\u00e9tenus ou contr\u00f4l\u00e9s par <strong>YTMP3.PET<\/strong>. Nous n'avons aucun contr\u00f4le sur le contenu, les politiques de confidentialit\u00e9 ou les pratiques des sites web de tiers et n'assumons aucune responsabilit\u00e9 \u00e0 cet \u00e9gard. Nous vous recommandons vivement de lire les conditions g\u00e9n\u00e9rales et les politiques de confidentialit\u00e9 des sites web de tiers que vous visitez.<\/p>\n<h3><strong>9. Droit applicable<\/strong><\/h3>\n<p>Les pr\u00e9sentes conditions de service et tout litige d\u00e9coulant de ou li\u00e9 \u00e0 votre utilisation de <strong>YTMP3.PET<\/strong> sont r\u00e9gies et interpr\u00e9t\u00e9es conform\u00e9ment aux lois de [votre juridiction]. Toute action en justice ou proc\u00e9dure li\u00e9e aux pr\u00e9sentes conditions doit \u00eatre port\u00e9e exclusivement devant les tribunaux situ\u00e9s dans [votre juridiction].<\/p>\n<h3><strong>10. Informations sur les contacts<\/strong><\/h3>\n<p>Si vous avez des questions ou des pr\u00e9occupations concernant les pr\u00e9sentes conditions d'utilisation, veuillez nous contacter \u00e0 l'adresse suivante :<\/p>\n<ul>\n<li><strong>Courriel :<\/strong> <a rel=\"noopener\">support@ytmp3.pet<\/a><\/li>\n<\/ul>\n<hr \/>\n<p>En utilisant <strong>YTMP3.PET<\/strong>En utilisant le site web de la Commission europ\u00e9enne, vous reconnaissez avoir lu, compris et accept\u00e9 les pr\u00e9sentes conditions d'utilisation. Nous vous encourageons \u00e0 consulter r\u00e9guli\u00e8rement cette page pour prendre connaissance des \u00e9ventuelles mises \u00e0 jour ou modifications.<\/p>\n<\/div>\n<\/section>","protected":false},"excerpt":{"rendered":"<p>Terms of Service Effective Date: 09\/09\/2024 Welcome to YTMP3.PET. By accessing or using our website and services, you agree to comply with and be bound by the following Terms of Service. Please read these terms carefully, as they govern your use of our YouTube to MP3 conversion service. If you do not agree to these [&hellip;]<\/p>","protected":false},"author":1,"featured_media":0,"parent":0,"menu_order":0,"comment_status":"closed","ping_status":"closed","template":"","meta":{"footnotes":""},"class_list":["post-8","page","type-page","status-publish","hentry"],"_links":{"self":[{"href":"https:\/\/ytmp3.pet\/frota\/wp-json\/wp\/v2\/pages\/8","targetHints":{"allow":["GET"]}}],"collection":[{"href":"https:\/\/ytmp3.pet\/frota\/wp-json\/wp\/v2\/pages"}],"about":[{"href":"https:\/\/ytmp3.pet\/frota\/wp-json\/wp\/v2\/types\/page"}],"author":[{"embeddable":true,"href":"https:\/\/ytmp3.pet\/frota\/wp-json\/wp\/v2\/users\/1"}],"replies":[{"embeddable":true,"href":"https:\/\/ytmp3.pet\/frota\/wp-json\/wp\/v2\/comments?post=8"}],"version-history":[{"count":0,"href":"https:\/\/ytmp3.pet\/frota\/wp-json\/wp\/v2\/pages\/8\/revisions"}],"wp:attachment":[{"href":"https:\/\/ytmp3.pet\/frota\/wp-json\/wp\/v2\/media?parent=8"}],"curies":[{"name":"wp","href":"https:\/\/api.w.org\/{rel}","templated":true}]}}