{"id":36,"date":"2024-09-27T08:53:38","date_gmt":"2024-09-27T08:53:38","guid":{"rendered":"https:\/\/ytmp3.pet\/?page_id=36"},"modified":"2024-09-28T09:56:55","modified_gmt":"2024-09-28T09:56:55","slug":"about-us","status":"publish","type":"page","link":"https:\/\/ytmp3.pet\/frota\/about-us\/","title":{"rendered":"A propos de nous"},"content":{"rendered":"<p><!-- About Us Page for YouTubeMP4Free.com --><\/p>\n<section class=\"about-us\">\n<div class=\"container\"><!-- Page Title --><\/p>\n<h3><strong>A propos de nous<\/strong><\/h3>\n<p>Bienvenue \u00e0 <strong>YTMP3.PET<\/strong>YouTube to MP3, votre destination de confiance pour des conversions rapides, fiables et de haute qualit\u00e9 de YouTube en MP3. Notre mission est simple : fournir aux utilisateurs un service de qualit\u00e9. <strong>sans faille et efficace<\/strong> Notre outil permet de transformer les vid\u00e9os YouTube en fichiers audio MP3 en quelques clics seulement. Que vous souhaitiez t\u00e9l\u00e9charger votre musique pr\u00e9f\u00e9r\u00e9e, des podcasts ou des contenus \u00e9ducatifs, notre outil est con\u00e7u pour vous offrir <strong>un son cristallin<\/strong> et des r\u00e9sultats instantan\u00e9s.<\/p>\n<p>Au <strong>YTMP3.PET<\/strong>Nous comprenons que l'exp\u00e9rience de l'utilisateur et la s\u00e9curit\u00e9 sont primordiales. C'est pourquoi notre plateforme est enti\u00e8rement <strong>sans publicit\u00e9<\/strong> et <strong>exempt de logiciels malveillants<\/strong>Nous sommes donc en mesure de garantir un processus de conversion s\u00fbr et agr\u00e9able pour tout le monde. De plus, notre service est <strong>100% gratuit<\/strong>Il est donc accessible \u00e0 tous ceux qui souhaitent convertir et t\u00e9l\u00e9charger facilement les fichiers audio de YouTube.<\/p>\n<p>Gr\u00e2ce \u00e0 une technologie de pointe, nous fournissons <strong>des t\u00e9l\u00e9chargements rapides comme l'\u00e9clair<\/strong> et <strong>qualit\u00e9 sonore sup\u00e9rieure<\/strong>Les fichiers audio sont convertis jusqu'\u00e0 320 kbps, soit la meilleure qualit\u00e9 disponible pour les vid\u00e9os YouTube. Notre service est \u00e9galement enti\u00e8rement r\u00e9actif, ce qui signifie qu'il fonctionne sans effort sur tous les appareils, y compris les ordinateurs de bureau, les tablettes et les smartphones, afin que vous puissiez profiter de vos fichiers audio o\u00f9 que vous alliez.<\/p>\n<p>Au <strong>YTMP3.PET<\/strong>Nous nous engageons \u00e0 am\u00e9liorer continuellement notre service en \u00e9coutant les commentaires des utilisateurs et en restant \u00e0 l'aff\u00fbt des derni\u00e8res tendances num\u00e9riques. Que vous soyez un auditeur occasionnel ou un audiophile, <strong>YTMP3.PET<\/strong> est l\u00e0 pour vous aider \u00e0 profiter de votre musique selon vos conditions, <strong>\u00e0 tout moment et en tout lieu<\/strong>.<\/p>\n<\/div>\n<\/section>","protected":false},"excerpt":{"rendered":"<p>About Us Welcome to YTMP3.PET, your trusted destination for fast, reliable, and high-quality YouTube to MP3 conversions. Our mission is simple: to provide users with a seamless and efficient way to transform YouTube videos into MP3 audio files in just a few clicks. Whether you&#8217;re looking to download your favorite music, podcasts, or educational content, [&hellip;]<\/p>","protected":false},"author":1,"featured_media":0,"parent":0,"menu_order":0,"comment_status":"closed","ping_status":"closed","template":"","meta":{"footnotes":""},"class_list":["post-36","page","type-page","status-publish","hentry"],"_links":{"self":[{"href":"https:\/\/ytmp3.pet\/frota\/wp-json\/wp\/v2\/pages\/36","targetHints":{"allow":["GET"]}}],"collection":[{"href":"https:\/\/ytmp3.pet\/frota\/wp-json\/wp\/v2\/pages"}],"about":[{"href":"https:\/\/ytmp3.pet\/frota\/wp-json\/wp\/v2\/types\/page"}],"author":[{"embeddable":true,"href":"https:\/\/ytmp3.pet\/frota\/wp-json\/wp\/v2\/users\/1"}],"replies":[{"embeddable":true,"href":"https:\/\/ytmp3.pet\/frota\/wp-json\/wp\/v2\/comments?post=36"}],"version-history":[{"count":0,"href":"https:\/\/ytmp3.pet\/frota\/wp-json\/wp\/v2\/pages\/36\/revisions"}],"wp:attachment":[{"href":"https:\/\/ytmp3.pet\/frota\/wp-json\/wp\/v2\/media?parent=36"}],"curies":[{"name":"wp","href":"https:\/\/api.w.org\/{rel}","templated":true}]}}