{"id":3,"date":"2024-09-26T06:41:31","date_gmt":"2024-09-26T06:41:31","guid":{"rendered":"https:\/\/ytmp3.pet\/?page_id=3"},"modified":"2024-09-28T09:59:09","modified_gmt":"2024-09-28T09:59:09","slug":"privacy-policy","status":"publish","type":"page","link":"https:\/\/ytmp3.pet\/frota\/privacy-policy\/","title":{"rendered":"Politique de confidentialit\u00e9"},"content":{"rendered":"<p><!-- Privacy Policy Page for YouTubeMP4Free.com --><\/p>\n<section class=\"privacy-policy\">\n<div class=\"container\">\n<p><strong>Date d'entr\u00e9e en vigueur :<\/strong> 06\/08\/2024<\/p>\n<p>Au <strong>YTMP3.PET<\/strong>Nous accordons une grande importance \u00e0 votre vie priv\u00e9e et nous nous engageons \u00e0 prot\u00e9ger vos informations personnelles. La pr\u00e9sente politique de confidentialit\u00e9 d\u00e9crit la mani\u00e8re dont nous recueillons, utilisons et prot\u00e9geons les informations que vous nous fournissez lorsque vous utilisez notre site web et nos services. En utilisant <strong>YTMP3.PET<\/strong>vous acceptez les conditions \u00e9nonc\u00e9es dans la pr\u00e9sente politique de protection de la vie priv\u00e9e.<\/p>\n<h3><strong>1. Les informations que nous collectons<\/strong><\/h3>\n<p>Nous ne demandons pas d'informations personnelles pour utiliser notre service de conversion de YouTube en MP3. Cependant, nous pouvons collecter des informations non personnellement identifiables afin d'am\u00e9liorer les performances de notre site web et l'exp\u00e9rience de l'utilisateur.<\/p>\n<ul>\n<li><strong>Informations non personnelles :<\/strong> Il peut s'agir de votre adresse IP, de votre type de navigateur, de votre syst\u00e8me d'exploitation, ainsi que de la date et de l'heure auxquelles vous acc\u00e9dez \u00e0 notre service. Ces donn\u00e9es sont collect\u00e9es par le biais de cookies et de technologies similaires afin de nous aider \u00e0 analyser le trafic du site web et \u00e0 en am\u00e9liorer la fonctionnalit\u00e9.<\/li>\n<\/ul>\n<h3><strong>2. Comment nous utilisons les informations collect\u00e9es<\/strong><\/h3>\n<p>Les informations que nous recueillons sont utilis\u00e9es uniquement pour am\u00e9liorer l'exp\u00e9rience de l'utilisateur et les performances de <strong>YTMP3.PET<\/strong>. Plus pr\u00e9cis\u00e9ment, nous utilisons ces donn\u00e9es pour<\/p>\n<ul>\n<li>Veiller \u00e0 ce que notre service fonctionne de mani\u00e8re efficace et s\u00fbre.<\/li>\n<li>Am\u00e9liorer la conception et la convivialit\u00e9 du site web.<\/li>\n<li>Analyser le trafic sur le site web afin de fournir un meilleur service.<\/li>\n<\/ul>\n<p>Nous ne vendons pas, n'\u00e9changeons pas et ne partageons pas vos informations personnelles avec des tiers.<\/p>\n<h3><strong>3. Utilisation de cookies<\/strong><\/h3>\n<p><strong>YTMP3.PET<\/strong> utilise des cookies pour am\u00e9liorer votre exp\u00e9rience de navigation. Les cookies sont de petits fichiers plac\u00e9s sur votre appareil pour stocker des informations sur vos pr\u00e9f\u00e9rences et vos activit\u00e9s sur notre site. Ils nous aident \u00e0 :<\/p>\n<ul>\n<li>Comprendre comment les utilisateurs interagissent avec notre site web.<\/li>\n<li>M\u00e9morisez vos pr\u00e9f\u00e9rences pour vos prochaines visites.<\/li>\n<li>Analyser le trafic sur le site et les sch\u00e9mas d'utilisation.<\/li>\n<\/ul>\n<p>Vous pouvez choisir de d\u00e9sactiver les cookies par le biais des param\u00e8tres de votre navigateur. Toutefois, veuillez noter que cela peut avoir une incidence sur votre capacit\u00e9 \u00e0 utiliser certaines fonctionnalit\u00e9s de notre site web.<\/p>\n<h3><strong>4. Liens avec des tiers<\/strong><\/h3>\n<p>Notre site web peut contenir des liens vers des sites de tiers pour des raisons de commodit\u00e9. Veuillez noter que <strong>YTMP3.PET<\/strong> n'est pas responsable des pratiques en mati\u00e8re de protection de la vie priv\u00e9e ou du contenu de ces sites web externes. Nous vous encourageons \u00e0 consulter les politiques de confidentialit\u00e9 des sites tiers avant de fournir des informations personnelles.<\/p>\n<h3><strong>5. S\u00e9curit\u00e9 des donn\u00e9es<\/strong><\/h3>\n<p>Nous mettons en \u0153uvre des mesures techniques et de s\u00e9curit\u00e9 appropri\u00e9es pour prot\u00e9ger vos donn\u00e9es contre tout acc\u00e8s ou toute divulgation non autoris\u00e9s. Toutefois, bien que nous nous efforcions de prot\u00e9ger vos informations personnelles, aucune m\u00e9thode de transmission sur l'internet n'est 100% s\u00fbre. Nous ne pouvons pas garantir une s\u00e9curit\u00e9 absolue, mais nous veillons \u00e0 suivre les meilleures pratiques du secteur pour prot\u00e9ger vos donn\u00e9es.<\/p>\n<h3><strong>6. Vie priv\u00e9e des enfants<\/strong><\/h3>\n<p><strong>YTMP3.PET<\/strong> n'est pas destin\u00e9 \u00e0 \u00eatre utilis\u00e9 par des enfants de moins de 13 ans. Nous ne collectons pas sciemment d'informations personnelles aupr\u00e8s d'enfants. Si nous apprenons que nous avons recueilli par inadvertance des informations personnelles aupr\u00e8s d'un enfant de moins de 13 ans, nous prendrons des mesures pour supprimer ces informations dans les plus brefs d\u00e9lais.<\/p>\n<h3><strong>7. Modifications de la pr\u00e9sente politique de protection de la vie priv\u00e9e<\/strong><\/h3>\n<p>Nous nous r\u00e9servons le droit de mettre \u00e0 jour ou de modifier la pr\u00e9sente politique de confidentialit\u00e9 \u00e0 tout moment. Toute modification sera indiqu\u00e9e sur cette page, ainsi que la date d'entr\u00e9e en vigueur de la mise \u00e0 jour. Nous encourageons les utilisateurs \u00e0 consulter r\u00e9guli\u00e8rement cette politique pour rester inform\u00e9s de la mani\u00e8re dont nous prot\u00e9geons vos donn\u00e9es.<\/p>\n<h3><strong>8. Nous contacter<\/strong><\/h3>\n<p>Si vous avez des questions ou des pr\u00e9occupations concernant la pr\u00e9sente politique de confidentialit\u00e9 ou le traitement de vos informations personnelles, veuillez nous contacter \u00e0 l'adresse suivante<\/p>\n<ul>\n<li><strong>Courriel :<\/strong> <a rel=\"noopener\">support@ytmp3.pet<\/a><\/li>\n<\/ul>\n<hr \/>\n<p><strong>YTMP3.PET<\/strong> s'engage \u00e0 prot\u00e9ger votre vie priv\u00e9e et \u00e0 vous offrir une exp\u00e9rience en ligne s\u00fbre et s\u00e9curis\u00e9e. En continuant \u00e0 utiliser nos services, vous acceptez les pratiques d\u00e9crites dans la pr\u00e9sente politique de confidentialit\u00e9.<\/p>\n<\/div>\n<\/section>","protected":false},"excerpt":{"rendered":"<p>Effective Date: 06\/08\/2024 At YTMP3.PET, we value your privacy and are committed to protecting your personal information. This Privacy Policy outlines how we collect, use, and safeguard the information you provide while using our website and services. By using YTMP3.PET, you agree to the terms outlined in this Privacy Policy. 1. Information We Collect We [&hellip;]<\/p>","protected":false},"author":1,"featured_media":0,"parent":0,"menu_order":0,"comment_status":"closed","ping_status":"open","template":"","meta":{"footnotes":""},"class_list":["post-3","page","type-page","status-publish","hentry"],"_links":{"self":[{"href":"https:\/\/ytmp3.pet\/frota\/wp-json\/wp\/v2\/pages\/3","targetHints":{"allow":["GET"]}}],"collection":[{"href":"https:\/\/ytmp3.pet\/frota\/wp-json\/wp\/v2\/pages"}],"about":[{"href":"https:\/\/ytmp3.pet\/frota\/wp-json\/wp\/v2\/types\/page"}],"author":[{"embeddable":true,"href":"https:\/\/ytmp3.pet\/frota\/wp-json\/wp\/v2\/users\/1"}],"replies":[{"embeddable":true,"href":"https:\/\/ytmp3.pet\/frota\/wp-json\/wp\/v2\/comments?post=3"}],"version-history":[{"count":0,"href":"https:\/\/ytmp3.pet\/frota\/wp-json\/wp\/v2\/pages\/3\/revisions"}],"wp:attachment":[{"href":"https:\/\/ytmp3.pet\/frota\/wp-json\/wp\/v2\/media?parent=3"}],"curies":[{"name":"wp","href":"https:\/\/api.w.org\/{rel}","templated":true}]}}