{"id":9,"date":"2024-09-26T06:59:05","date_gmt":"2024-09-26T06:59:05","guid":{"rendered":"https:\/\/ytmp3.pet\/?page_id=9"},"modified":"2024-09-28T09:58:00","modified_gmt":"2024-09-28T09:58:00","slug":"contact-us","status":"publish","type":"page","link":"https:\/\/ytmp3.pet\/esota\/contact-us\/","title":{"rendered":"Contacte con nosotros"},"content":{"rendered":"<p><!-- Contact Us Page for YouTubeMP4Free.com --><\/p>\n<section class=\"contact-us\">\n<div class=\"container\">\n<p>Nos encantar\u00eda conocer tu opini\u00f3n. Si tienes preguntas, comentarios o necesitas ayuda con nuestro servicio de conversi\u00f3n de YouTube a MP3, no dudes en ponerte en contacto con nosotros. En <strong>YTMP3.PET<\/strong>Nos comprometemos a ofrecerle una asistencia excelente y a asegurarnos de que su experiencia sea agradable y sin contratiempos.<\/p>\n<h4><strong>C\u00f3mo ponerse en contacto con nosotros:<\/strong><\/h4>\n<ul>\n<li><strong>Correo electr\u00f3nico:<\/strong> <a rel=\"noopener\">support@ytmp3.pet<\/a><br \/>\nP\u00f3ngase en contacto con nosotros por correo electr\u00f3nico para cualquier consulta, asistencia t\u00e9cnica o comentario. Nuestro objetivo es responder a todos los mensajes en 24 horas.<\/li>\n<\/ul>\n<hr \/>\n<h3><strong>Preguntas m\u00e1s frecuentes:<\/strong><\/h3>\n<p>Antes de ponerse en contacto con nosotros, no olvide consultar nuestro <strong><a href=\"\/esota\/\" rel=\"noopener\">Preguntas frecuentes<\/a> <\/strong>para obtener respuestas r\u00e1pidas a las preguntas m\u00e1s frecuentes sobre nuestro servicio de conversi\u00f3n de YouTube a MP3.<\/p>\n<hr \/>\n<h3><strong>S\u00edguenos:<\/strong><\/h3>\n<p>Mant\u00e9ngase al d\u00eda con las \u00faltimas funciones y noticias de <strong>YTMP3.PET<\/strong> sigui\u00e9ndonos en las redes sociales:<\/p>\n<ul>\n<li><strong>Facebook:<\/strong> <a href=\"#\" rel=\"noopener\">facebook.com\/YTMP3.PET<\/a><\/li>\n<li><strong>Twitter:<\/strong> <a href=\"#\" rel=\"noopener\">twitter.com\/YTMP3.PET<\/a><\/li>\n<\/ul>\n<hr \/>\n<p>Estamos aqu\u00ed para que tu proceso de conversi\u00f3n de YouTube a MP3 sea lo m\u00e1s sencillo posible. No dudes en ponerte en contacto con nosotros: \u00a1estaremos encantados de ayudarte!<\/p>\n<\/div>\n<\/section>","protected":false},"excerpt":{"rendered":"<p>We\u2019d love to hear from you! Whether you have questions, feedback, or need assistance with our YouTube to MP3 conversion service, feel free to reach out. At YTMP3.PET, we are committed to providing excellent support and making sure your experience is smooth and enjoyable. How to Contact Us: Email: support@ytmp3.pet Reach us via email for [&hellip;]<\/p>","protected":false},"author":1,"featured_media":0,"parent":0,"menu_order":0,"comment_status":"closed","ping_status":"closed","template":"","meta":{"footnotes":""},"class_list":["post-9","page","type-page","status-publish","hentry"],"_links":{"self":[{"href":"https:\/\/ytmp3.pet\/esota\/wp-json\/wp\/v2\/pages\/9","targetHints":{"allow":["GET"]}}],"collection":[{"href":"https:\/\/ytmp3.pet\/esota\/wp-json\/wp\/v2\/pages"}],"about":[{"href":"https:\/\/ytmp3.pet\/esota\/wp-json\/wp\/v2\/types\/page"}],"author":[{"embeddable":true,"href":"https:\/\/ytmp3.pet\/esota\/wp-json\/wp\/v2\/users\/1"}],"replies":[{"embeddable":true,"href":"https:\/\/ytmp3.pet\/esota\/wp-json\/wp\/v2\/comments?post=9"}],"version-history":[{"count":0,"href":"https:\/\/ytmp3.pet\/esota\/wp-json\/wp\/v2\/pages\/9\/revisions"}],"wp:attachment":[{"href":"https:\/\/ytmp3.pet\/esota\/wp-json\/wp\/v2\/media?parent=9"}],"curies":[{"name":"wp","href":"https:\/\/api.w.org\/{rel}","templated":true}]}}