{"id":36,"date":"2024-09-27T08:53:38","date_gmt":"2024-09-27T08:53:38","guid":{"rendered":"https:\/\/ytmp3.pet\/?page_id=36"},"modified":"2024-09-28T09:56:55","modified_gmt":"2024-09-28T09:56:55","slug":"about-us","status":"publish","type":"page","link":"https:\/\/ytmp3.pet\/esota\/about-us\/","title":{"rendered":"Qui\u00e9nes somos"},"content":{"rendered":"<p><!-- About Us Page for YouTubeMP4Free.com --><\/p>\n<section class=\"about-us\">\n<div class=\"container\"><!-- Page Title --><\/p>\n<h3><strong>Qui\u00e9nes somos<\/strong><\/h3>\n<p>Bienvenido a <strong>YTMP3.PET<\/strong>tu destino de confianza para conversiones de YouTube a MP3 r\u00e1pidas, fiables y de alta calidad. Nuestra misi\u00f3n es simple: proporcionar a los usuarios una <strong>fluida y eficaz<\/strong> forma de transformar v\u00eddeos de YouTube en archivos de audio MP3 con s\u00f3lo unos clics. Tanto si buscas descargar tu m\u00fasica favorita, podcasts o contenidos educativos, nuestra herramienta est\u00e1 dise\u00f1ada para ofrecerte <strong>sonido cristalino<\/strong> y resultados instant\u00e1neos.<\/p>\n<p>En <strong>YTMP3.PET<\/strong>entendemos que la experiencia del usuario y la seguridad son primordiales. Por eso nuestra plataforma es completamente <strong>sin anuncios<\/strong> y <strong>libre de malware<\/strong>garantizando un proceso de conversi\u00f3n seguro y agradable para todos. Adem\u00e1s, nuestro servicio es <strong>100% gratis<\/strong>sin cuotas ocultas ni suscripciones, por lo que est\u00e1 al alcance de cualquiera que desee convertir y descargar f\u00e1cilmente audio de YouTube.<\/p>\n<p>Con tecnolog\u00eda punta, ofrecemos <strong>descargas ultrarr\u00e1pidas<\/strong> y <strong>calidad de sonido superior<\/strong>con archivos de audio convertidos a 320 kbps, la m\u00e1xima calidad disponible en los v\u00eddeos de YouTube. Nuestro servicio tambi\u00e9n es totalmente receptivo, lo que significa que funciona sin esfuerzo en todos los dispositivos, incluidos ordenadores de sobremesa, tabletas y smartphones, para que puedas disfrutar de tus archivos de audio vayas donde vayas.<\/p>\n<p>En <strong>YTMP3.PET<\/strong>nos comprometemos a mejorar continuamente nuestro servicio escuchando las opiniones de los usuarios y manteni\u00e9ndonos al d\u00eda de las \u00faltimas tendencias digitales. Tanto si eres un oyente ocasional como un audi\u00f3filo, <strong>YTMP3.PET<\/strong> est\u00e1 aqu\u00ed para ayudarte a disfrutar de tu m\u00fasica a tu manera, <strong>en cualquier momento y lugar<\/strong>.<\/p>\n<\/div>\n<\/section>","protected":false},"excerpt":{"rendered":"<p>About Us Welcome to YTMP3.PET, your trusted destination for fast, reliable, and high-quality YouTube to MP3 conversions. Our mission is simple: to provide users with a seamless and efficient way to transform YouTube videos into MP3 audio files in just a few clicks. Whether you&#8217;re looking to download your favorite music, podcasts, or educational content, [&hellip;]<\/p>","protected":false},"author":1,"featured_media":0,"parent":0,"menu_order":0,"comment_status":"closed","ping_status":"closed","template":"","meta":{"footnotes":""},"class_list":["post-36","page","type-page","status-publish","hentry"],"_links":{"self":[{"href":"https:\/\/ytmp3.pet\/esota\/wp-json\/wp\/v2\/pages\/36","targetHints":{"allow":["GET"]}}],"collection":[{"href":"https:\/\/ytmp3.pet\/esota\/wp-json\/wp\/v2\/pages"}],"about":[{"href":"https:\/\/ytmp3.pet\/esota\/wp-json\/wp\/v2\/types\/page"}],"author":[{"embeddable":true,"href":"https:\/\/ytmp3.pet\/esota\/wp-json\/wp\/v2\/users\/1"}],"replies":[{"embeddable":true,"href":"https:\/\/ytmp3.pet\/esota\/wp-json\/wp\/v2\/comments?post=36"}],"version-history":[{"count":0,"href":"https:\/\/ytmp3.pet\/esota\/wp-json\/wp\/v2\/pages\/36\/revisions"}],"wp:attachment":[{"href":"https:\/\/ytmp3.pet\/esota\/wp-json\/wp\/v2\/media?parent=36"}],"curies":[{"name":"wp","href":"https:\/\/api.w.org\/{rel}","templated":true}]}}