{"id":8,"date":"2024-09-26T06:58:19","date_gmt":"2024-09-26T06:58:19","guid":{"rendered":"https:\/\/ytmp3.pet\/?page_id=8"},"modified":"2024-09-28T09:59:51","modified_gmt":"2024-09-28T09:59:51","slug":"terms-of-service","status":"publish","type":"page","link":"https:\/\/ytmp3.pet\/deota\/terms-of-service\/","title":{"rendered":"Bedingungen der Dienstleistung"},"content":{"rendered":"<p><!-- Terms of Service Page for YouTubeMP4Free.com --><\/p>\n<section class=\"terms-of-service\">\n<div class=\"container\"><!-- Page Title --><!-- Effective Date --><\/p>\n<h3><strong>Bedingungen der Dienstleistung<\/strong><\/h3>\n<p><strong>Datum des Inkrafttretens:<\/strong> 09\/09\/2024<\/p>\n<p>Willkommen bei <strong>YTMP3.PET<\/strong>. Durch den Zugriff auf unsere Website und unsere Dienste erkl\u00e4ren Sie sich mit den folgenden Nutzungsbedingungen einverstanden und sind an diese gebunden. Bitte lesen Sie diese Bedingungen sorgf\u00e4ltig durch, da sie Ihre Nutzung unseres YouTube-zu-MP3-Konvertierungsdienstes regeln. Wenn Sie mit diesen Bedingungen nicht einverstanden sind, sollten Sie unsere Website oder Dienste nicht nutzen.<\/p>\n<h3><strong>1. Akzeptanz der Bedingungen<\/strong><\/h3>\n<p>Durch die Verwendung von <strong>YTMP3.PET<\/strong>erkl\u00e4ren Sie sich mit diesen Nutzungsbedingungen, unseren Datenschutzrichtlinien und allen anderen geltenden Gesetzen oder Vorschriften einverstanden, die die Nutzung unseres Dienstes regeln. Diese Bedingungen gelten f\u00fcr alle Nutzer der Website, einschlie\u00dflich Besucher, registrierte Nutzer und alle, die auf unsere Dienste zugreifen.<\/p>\n<h3><strong>2. Nutzung des Dienstes<\/strong><\/h3>\n<p><strong>YTMP3.PET<\/strong> bietet ein kostenloses Online-Tool zur Konvertierung von YouTube-Videos in MP3-Audiodateien ausschlie\u00dflich f\u00fcr den pers\u00f6nlichen Gebrauch. Durch die Nutzung unseres Dienstes erkl\u00e4ren Sie sich mit den folgenden Bedingungen einverstanden:<\/p>\n<ul>\n<li><strong>Rechtm\u00e4\u00dfige Nutzung:<\/strong> Sie erkl\u00e4ren sich damit einverstanden, unseren Service nur f\u00fcr rechtm\u00e4\u00dfige Zwecke zu nutzen. Sie m\u00fcssen alle lokalen, staatlichen, nationalen und internationalen Gesetze, einschlie\u00dflich der Urheberrechtsgesetze, einhalten.<\/li>\n<li><strong>Pers\u00f6nlicher Gebrauch:<\/strong> Unser Service ist f\u00fcr den pers\u00f6nlichen, nicht-kommerziellen Gebrauch bestimmt. Es ist Ihnen nicht gestattet, unsere Plattform f\u00fcr illegale oder kommerzielle Zwecke zu nutzen, einschlie\u00dflich der unerlaubten Verbreitung von urheberrechtlich gesch\u00fctzten Inhalten.<\/li>\n<li><strong>Verbotene Handlungen:<\/strong> Sie verpflichten sich, den Dienst nicht zu missbrauchen, indem Sie Aktivit\u00e4ten wie Reverse Engineering, Data Scraping, Hacking oder den Versuch, die Sicherheit unserer Website zu beeintr\u00e4chtigen, unternehmen.<\/li>\n<\/ul>\n<h3><strong>3. Geistiges Eigentum und Urheberrecht<\/strong><\/h3>\n<p>Alle Inhalte, die \u00fcber <strong>YTMP3.PET<\/strong>einschlie\u00dflich Text, Grafiken, Logos und Software, ist Eigentum von <strong>YTMP3.PET<\/strong> oder seinen Lizenzgebern und ist durch Gesetze zum Schutz des geistigen Eigentums gesch\u00fctzt. Ihnen wird ein begrenztes, nicht exklusives und nicht \u00fcbertragbares Recht gew\u00e4hrt, unseren Service nur f\u00fcr den pers\u00f6nlichen Gebrauch zu nutzen.<\/p>\n<p>Durch die Nutzung unseres Dienstes erkl\u00e4ren Sie sich damit einverstanden, keine Urheberrechtsgesetze zu verletzen. <strong>YTMP3.PET<\/strong> f\u00f6rdert oder duldet nicht das Herunterladen von urheberrechtlich gesch\u00fctztem Material ohne entsprechende Genehmigung des Rechteinhabers. Sie sind daf\u00fcr verantwortlich, dass Ihre Nutzung des Dienstes mit allen geltenden Urheberrechtsgesetzen \u00fcbereinstimmt.<\/p>\n<h3><strong>4. Begrenzung der Haftung<\/strong><\/h3>\n<p><strong>YTMP3.PET<\/strong> wird \"wie besehen\" und \"wie verf\u00fcgbar\" zur Verf\u00fcgung gestellt, ohne jegliche ausdr\u00fcckliche oder stillschweigende Garantien. Wir garantieren nicht, dass der Dienst fehlerfrei, ununterbrochen oder frei von sch\u00e4dlichen Komponenten wie Viren oder Malware sein wird.<\/p>\n<p>In keinem Fall d\u00fcrfen <strong>YTMP3.PET<\/strong>Wir \u00fcbernehmen keine Haftung f\u00fcr Sch\u00e4den, einschlie\u00dflich, aber nicht beschr\u00e4nkt auf direkte, indirekte, zuf\u00e4llige oder Folgesch\u00e4den, die sich aus der Nutzung oder der Unm\u00f6glichkeit der Nutzung des Dienstes ergeben. Sie erkl\u00e4ren sich damit einverstanden, unseren Dienst auf eigenes Risiko zu nutzen.<\/p>\n<h3><strong>5. Ausschluss von Garantien<\/strong><\/h3>\n<p>Wir bieten unseren Service auf einer \"wie besehen\" und \"wie verf\u00fcgbar\" Basis an. <strong>YTMP3.PET<\/strong> gibt keine ausdr\u00fccklichen oder stillschweigenden Garantien oder Zusicherungen in Bezug auf den Betrieb unserer Website oder den Inhalt, die Funktionalit\u00e4t oder die Zuverl\u00e4ssigkeit der von uns angebotenen Dienste.<\/p>\n<p>Wir lehnen jegliche Gew\u00e4hrleistung der Marktg\u00e4ngigkeit, der Eignung f\u00fcr einen bestimmten Zweck und der Nichtverletzung von Rechten ab. Wir garantieren nicht, dass der Dienst Ihren Erwartungen entspricht oder dass etwaige Fehler korrigiert werden.<\/p>\n<h3><strong>6. \u00c4nderungen des Dienstes<\/strong><\/h3>\n<p>Wir behalten uns das Recht vor, jeden Aspekt des Dienstes jederzeit und ohne vorherige Ank\u00fcndigung zu \u00e4ndern, auszusetzen oder einzustellen. Dies beinhaltet, ist aber nicht beschr\u00e4nkt auf, \u00c4nderungen der Funktionalit\u00e4t, des Designs und der Verf\u00fcgbarkeit. Wir behalten uns auch das Recht vor, diese Nutzungsbedingungen nach eigenem Ermessen zu aktualisieren. Jegliche Aktualisierungen werden unmittelbar nach der Ver\u00f6ffentlichung auf dieser Seite wirksam. Die fortgesetzte Nutzung des Dienstes nach einer \u00c4nderung der Bedingungen bedeutet die Annahme der neuen Bedingungen.<\/p>\n<h3><strong>7. Beendigung des Zugangs<\/strong><\/h3>\n<p>Wir behalten uns das Recht vor, Ihren Zugang zu k\u00fcndigen oder auszusetzen <strong>YTMP3.PET<\/strong> jederzeit und ohne Vorank\u00fcndigung aus beliebigem Grund, einschlie\u00dflich eines Versto\u00dfes gegen diese Servicebedingungen. In solchen F\u00e4llen sind Sie nicht mehr berechtigt, unseren Dienst zu nutzen, und wir k\u00f6nnen alle erforderlichen rechtlichen oder technischen Ma\u00dfnahmen ergreifen, um eine unbefugte Nutzung zu verhindern.<\/p>\n<h3><strong>8. Links von Drittanbietern<\/strong><\/h3>\n<p>Unsere Website kann Links zu Websites oder Diensten Dritter enthalten, die nicht im Besitz oder unter der Kontrolle von <strong>YTMP3.PET<\/strong>. Wir haben keine Kontrolle \u00fcber und \u00fcbernehmen keine Verantwortung f\u00fcr den Inhalt, die Datenschutzrichtlinien oder die Praktiken von Websites Dritter. Wir empfehlen Ihnen dringend, die Gesch\u00e4ftsbedingungen und Datenschutzrichtlinien der Websites Dritter, die Sie besuchen, zu lesen.<\/p>\n<h3><strong>9. Geltendes Recht<\/strong><\/h3>\n<p>Diese Nutzungsbedingungen und alle Streitigkeiten, die sich aus oder im Zusammenhang mit Ihrer Nutzung von <strong>YTMP3.PET<\/strong> unterliegt den Gesetzen von [Ihrem Gerichtsstand] und wird in \u00dcbereinstimmung mit diesen ausgelegt. Alle Klagen oder Verfahren im Zusammenhang mit diesen Bedingungen sind ausschlie\u00dflich vor den Gerichten in [Ihrem Gerichtsstand] anh\u00e4ngig zu machen.<\/p>\n<h3><strong>10. Kontaktinformationen<\/strong><\/h3>\n<p>Wenn Sie Fragen oder Bedenken bez\u00fcglich dieser Nutzungsbedingungen haben, kontaktieren Sie uns bitte unter:<\/p>\n<ul>\n<li><strong>E-Mail:<\/strong> <a rel=\"noopener\">support@ytmp3.pet<\/a><\/li>\n<\/ul>\n<hr \/>\n<p>Durch die Verwendung von <strong>YTMP3.PET<\/strong>best\u00e4tigen Sie, dass Sie diese Nutzungsbedingungen gelesen und verstanden haben und ihnen zustimmen. Wir empfehlen Ihnen, diese Seite regelm\u00e4\u00dfig auf etwaige Aktualisierungen oder \u00c4nderungen zu \u00fcberpr\u00fcfen.<\/p>\n<\/div>\n<\/section>","protected":false},"excerpt":{"rendered":"<p>Terms of Service Effective Date: 09\/09\/2024 Welcome to YTMP3.PET. By accessing or using our website and services, you agree to comply with and be bound by the following Terms of Service. Please read these terms carefully, as they govern your use of our YouTube to MP3 conversion service. If you do not agree to these [&hellip;]<\/p>","protected":false},"author":1,"featured_media":0,"parent":0,"menu_order":0,"comment_status":"closed","ping_status":"closed","template":"","meta":{"footnotes":""},"class_list":["post-8","page","type-page","status-publish","hentry"],"_links":{"self":[{"href":"https:\/\/ytmp3.pet\/deota\/wp-json\/wp\/v2\/pages\/8","targetHints":{"allow":["GET"]}}],"collection":[{"href":"https:\/\/ytmp3.pet\/deota\/wp-json\/wp\/v2\/pages"}],"about":[{"href":"https:\/\/ytmp3.pet\/deota\/wp-json\/wp\/v2\/types\/page"}],"author":[{"embeddable":true,"href":"https:\/\/ytmp3.pet\/deota\/wp-json\/wp\/v2\/users\/1"}],"replies":[{"embeddable":true,"href":"https:\/\/ytmp3.pet\/deota\/wp-json\/wp\/v2\/comments?post=8"}],"version-history":[{"count":0,"href":"https:\/\/ytmp3.pet\/deota\/wp-json\/wp\/v2\/pages\/8\/revisions"}],"wp:attachment":[{"href":"https:\/\/ytmp3.pet\/deota\/wp-json\/wp\/v2\/media?parent=8"}],"curies":[{"name":"wp","href":"https:\/\/api.w.org\/{rel}","templated":true}]}}