{"id":36,"date":"2024-09-27T08:53:38","date_gmt":"2024-09-27T08:53:38","guid":{"rendered":"https:\/\/ytmp3.pet\/?page_id=36"},"modified":"2024-09-28T09:56:55","modified_gmt":"2024-09-28T09:56:55","slug":"about-us","status":"publish","type":"page","link":"https:\/\/ytmp3.pet\/deota\/about-us\/","title":{"rendered":"\u00dcber uns"},"content":{"rendered":"<p><!-- About Us Page for YouTubeMP4Free.com --><\/p>\n<section class=\"about-us\">\n<div class=\"container\"><!-- Page Title --><\/p>\n<h3><strong>\u00dcber uns<\/strong><\/h3>\n<p>Willkommen bei <strong>YTMP3.PET<\/strong>Ihre vertrauensw\u00fcrdige Anlaufstelle f\u00fcr schnelle, zuverl\u00e4ssige und hochwertige Konvertierungen von YouTube in MP3. Unsere Mission ist einfach: Wir wollen den Nutzern eine <strong>nahtlos und effizient<\/strong> mit nur wenigen Klicks YouTube-Videos in MP3-Audiodateien umwandeln. Ganz gleich, ob Sie Ihre Lieblingsmusik, Podcasts oder Bildungsinhalte herunterladen m\u00f6chten, unser Tool ist darauf ausgelegt, Ihnen <strong>kristallklarer Klang<\/strong> und sofortige Ergebnisse.<\/p>\n<p>Unter <strong>YTMP3.PET<\/strong>Wir wissen, dass Benutzerfreundlichkeit und Sicherheit an erster Stelle stehen. Deshalb ist unsere Plattform vollst\u00e4ndig <strong>werbefrei<\/strong> und <strong>frei von Malware<\/strong>Dadurch wird ein sicherer und angenehmer Umstellungsprozess f\u00fcr alle gew\u00e4hrleistet. Au\u00dferdem ist unser Service <strong>100% frei<\/strong>Ohne versteckte Geb\u00fchren oder Abonnements ist es f\u00fcr jeden zug\u00e4nglich, der YouTube-Audio einfach konvertieren und herunterladen m\u00f6chte.<\/p>\n<p>Mit modernster Technologie liefern wir <strong>blitzschnelle Downloads<\/strong> und <strong>\u00fcberragende Klangqualit\u00e4t<\/strong>Die Audiodateien werden mit bis zu 320kbps konvertiert - die h\u00f6chste Qualit\u00e4t, die von YouTube-Videos verf\u00fcgbar ist. Unser Service ist au\u00dferdem vollst\u00e4ndig responsiv, d. h. er funktioniert m\u00fchelos auf allen Ger\u00e4ten, einschlie\u00dflich Desktops, Tablets und Smartphones, sodass Sie Ihre Audiodateien \u00fcberall genie\u00dfen k\u00f6nnen.<\/p>\n<p>Unter <strong>YTMP3.PET<\/strong>Wir sind bestrebt, unseren Service kontinuierlich zu verbessern, indem wir auf das Feedback unserer Nutzer h\u00f6ren und mit den neuesten digitalen Trends Schritt halten. Egal, ob Sie ein Gelegenheitsh\u00f6rer oder ein Audiophiler sind, <strong>YTMP3.PET<\/strong> soll Ihnen helfen, Ihre Musik nach Ihren Vorstellungen zu genie\u00dfen, <strong>Jederzeit und \u00fcberall<\/strong>.<\/p>\n<\/div>\n<\/section>","protected":false},"excerpt":{"rendered":"<p>About Us Welcome to YTMP3.PET, your trusted destination for fast, reliable, and high-quality YouTube to MP3 conversions. Our mission is simple: to provide users with a seamless and efficient way to transform YouTube videos into MP3 audio files in just a few clicks. Whether you&#8217;re looking to download your favorite music, podcasts, or educational content, [&hellip;]<\/p>","protected":false},"author":1,"featured_media":0,"parent":0,"menu_order":0,"comment_status":"closed","ping_status":"closed","template":"","meta":{"footnotes":""},"class_list":["post-36","page","type-page","status-publish","hentry"],"_links":{"self":[{"href":"https:\/\/ytmp3.pet\/deota\/wp-json\/wp\/v2\/pages\/36","targetHints":{"allow":["GET"]}}],"collection":[{"href":"https:\/\/ytmp3.pet\/deota\/wp-json\/wp\/v2\/pages"}],"about":[{"href":"https:\/\/ytmp3.pet\/deota\/wp-json\/wp\/v2\/types\/page"}],"author":[{"embeddable":true,"href":"https:\/\/ytmp3.pet\/deota\/wp-json\/wp\/v2\/users\/1"}],"replies":[{"embeddable":true,"href":"https:\/\/ytmp3.pet\/deota\/wp-json\/wp\/v2\/comments?post=36"}],"version-history":[{"count":0,"href":"https:\/\/ytmp3.pet\/deota\/wp-json\/wp\/v2\/pages\/36\/revisions"}],"wp:attachment":[{"href":"https:\/\/ytmp3.pet\/deota\/wp-json\/wp\/v2\/media?parent=36"}],"curies":[{"name":"wp","href":"https:\/\/api.w.org\/{rel}","templated":true}]}}