{"id":3,"date":"2024-09-26T06:41:31","date_gmt":"2024-09-26T06:41:31","guid":{"rendered":"https:\/\/ytmp3.pet\/?page_id=3"},"modified":"2024-09-28T09:59:09","modified_gmt":"2024-09-28T09:59:09","slug":"privacy-policy","status":"publish","type":"page","link":"https:\/\/ytmp3.pet\/deota\/privacy-policy\/","title":{"rendered":"Datenschutzbestimmungen"},"content":{"rendered":"<p><!-- Privacy Policy Page for YouTubeMP4Free.com --><\/p>\n<section class=\"privacy-policy\">\n<div class=\"container\">\n<p><strong>Datum des Inkrafttretens:<\/strong> 06\/08\/2024<\/p>\n<p>Unter <strong>YTMP3.PET<\/strong>Wir sch\u00e4tzen Ihre Privatsph\u00e4re und verpflichten uns, Ihre pers\u00f6nlichen Daten zu sch\u00fctzen. In dieser Datenschutzerkl\u00e4rung wird dargelegt, wie wir die Informationen, die Sie bei der Nutzung unserer Website und unserer Dienste angeben, erfassen, verwenden und sch\u00fctzen. Durch die Nutzung <strong>YTMP3.PET<\/strong>erkl\u00e4ren Sie sich mit den in dieser Datenschutzerkl\u00e4rung genannten Bedingungen einverstanden.<\/p>\n<h3><strong>1. Informationen, die wir sammeln<\/strong><\/h3>\n<p>Wir ben\u00f6tigen keine pers\u00f6nlichen Daten, um unseren YouTube-zu-MP3-Konvertierungsdienst zu nutzen. Wir k\u00f6nnen jedoch nicht-personenbezogene Daten sammeln, um die Leistung unserer Website und die Benutzerfreundlichkeit zu verbessern.<\/p>\n<ul>\n<li><strong>Nicht-pers\u00f6nliche Informationen:<\/strong> Dazu geh\u00f6ren Ihre IP-Adresse, der Browsertyp, das Betriebssystem sowie das Datum und die Uhrzeit Ihres Zugriffs auf unseren Dienst. Diese Daten werden mit Hilfe von Cookies und \u00e4hnlichen Technologien erfasst, die uns helfen, den Website-Verkehr zu analysieren und die Funktionalit\u00e4t zu verbessern.<\/li>\n<\/ul>\n<h3><strong>2. Wie wir gesammelte Informationen verwenden<\/strong><\/h3>\n<p>Die von uns gesammelten Informationen werden ausschlie\u00dflich zur Verbesserung der Benutzerfreundlichkeit und der Leistung von <strong>YTMP3.PET<\/strong>. Konkret verwenden wir diese Daten, um:<\/p>\n<ul>\n<li>Sicherstellen, dass unser Dienst effizient und sicher l\u00e4uft.<\/li>\n<li>Verbesserung von Website-Design und Benutzerfreundlichkeit.<\/li>\n<li>Analysieren Sie den Website-Verkehr, um einen besseren Service zu bieten.<\/li>\n<\/ul>\n<p>Wir verkaufen, handeln oder geben Ihre pers\u00f6nlichen Daten nicht an Dritte weiter.<\/p>\n<h3><strong>3. Verwendung von Cookies<\/strong><\/h3>\n<p><strong>YTMP3.PET<\/strong> verwendet Cookies, um Ihr Surferlebnis zu verbessern. Cookies sind kleine Dateien, die auf Ihrem Ger\u00e4t abgelegt werden, um Informationen \u00fcber Ihre Pr\u00e4ferenzen und Aktivit\u00e4ten auf unserer Website zu speichern. Sie helfen uns:<\/p>\n<ul>\n<li>Verstehen, wie Nutzer mit unserer Website interagieren.<\/li>\n<li>Merken Sie sich Ihre Pr\u00e4ferenzen f\u00fcr zuk\u00fcnftige Besuche.<\/li>\n<li>Analysieren Sie den Website-Verkehr und die Nutzungsmuster.<\/li>\n<\/ul>\n<p>Sie k\u00f6nnen Cookies \u00fcber Ihre Browsereinstellungen deaktivieren. Bitte beachten Sie jedoch, dass dies Ihre F\u00e4higkeit, bestimmte Funktionen unserer Website zu nutzen, beeintr\u00e4chtigen kann.<\/p>\n<h3><strong>4. Links von Drittanbietern<\/strong><\/h3>\n<p>Unsere Website kann der Einfachheit halber Links zu Websites Dritter enthalten. Bitte beachten Sie, dass <strong>YTMP3.PET<\/strong> ist nicht verantwortlich f\u00fcr die Datenschutzpraktiken oder den Inhalt dieser externen Websites. Wir empfehlen Ihnen, die Datenschutzrichtlinien der Websites Dritter zu lesen, bevor Sie pers\u00f6nliche Daten angeben.<\/p>\n<h3><strong>5. Datensicherheit<\/strong><\/h3>\n<p>Wir setzen angemessene technische und Sicherheitsma\u00dfnahmen ein, um Ihre Daten vor unbefugtem Zugriff oder Offenlegung zu sch\u00fctzen. Obwohl wir uns bem\u00fchen, Ihre pers\u00f6nlichen Daten zu sch\u00fctzen, ist keine Methode der \u00dcbertragung \u00fcber das Internet 100% sicher. Wir k\u00f6nnen keine absolute Sicherheit garantieren, aber wir stellen sicher, dass wir die besten Praktiken der Branche anwenden, um Ihre Daten zu sch\u00fctzen.<\/p>\n<h3><strong>6. Die Privatsph\u00e4re der Kinder<\/strong><\/h3>\n<p><strong>YTMP3.PET<\/strong> ist nicht f\u00fcr die Nutzung durch Kinder unter 13 Jahren bestimmt. Wir sammeln wissentlich keine personenbezogenen Daten von Kindern. Sollten wir feststellen, dass wir versehentlich personenbezogene Daten von einem Kind unter 13 Jahren erfasst haben, werden wir Ma\u00dfnahmen ergreifen, um diese Daten unverz\u00fcglich zu l\u00f6schen.<\/p>\n<h3><strong>7. \u00c4nderungen an dieser Datenschutzrichtlinie<\/strong><\/h3>\n<p>Wir behalten uns das Recht vor, diese Datenschutzrichtlinie jederzeit zu aktualisieren oder zu \u00e4ndern. Alle \u00c4nderungen werden auf dieser Seite zusammen mit dem aktualisierten Datum des Inkrafttretens angezeigt. Wir empfehlen unseren Nutzern, diese Richtlinie regelm\u00e4\u00dfig zu lesen, um dar\u00fcber informiert zu bleiben, wie wir Ihre Daten sch\u00fctzen.<\/p>\n<h3><strong>8. Kontakt<\/strong><\/h3>\n<p>Wenn Sie Fragen oder Bedenken bez\u00fcglich dieser Datenschutzrichtlinie oder der Verarbeitung Ihrer pers\u00f6nlichen Daten haben, wenden Sie sich bitte an uns:<\/p>\n<ul>\n<li><strong>E-Mail:<\/strong> <a rel=\"noopener\">support@ytmp3.pet<\/a><\/li>\n<\/ul>\n<hr \/>\n<p><strong>YTMP3.PET<\/strong> verpflichtet sich, Ihre Privatsph\u00e4re zu sch\u00fctzen und Ihnen ein sicheres Online-Erlebnis zu bieten. Indem Sie unseren Service weiterhin nutzen, stimmen Sie den in dieser Datenschutzrichtlinie beschriebenen Praktiken zu.<\/p>\n<\/div>\n<\/section>","protected":false},"excerpt":{"rendered":"<p>Effective Date: 06\/08\/2024 At YTMP3.PET, we value your privacy and are committed to protecting your personal information. This Privacy Policy outlines how we collect, use, and safeguard the information you provide while using our website and services. By using YTMP3.PET, you agree to the terms outlined in this Privacy Policy. 1. Information We Collect We [&hellip;]<\/p>","protected":false},"author":1,"featured_media":0,"parent":0,"menu_order":0,"comment_status":"closed","ping_status":"open","template":"","meta":{"footnotes":""},"class_list":["post-3","page","type-page","status-publish","hentry"],"_links":{"self":[{"href":"https:\/\/ytmp3.pet\/deota\/wp-json\/wp\/v2\/pages\/3","targetHints":{"allow":["GET"]}}],"collection":[{"href":"https:\/\/ytmp3.pet\/deota\/wp-json\/wp\/v2\/pages"}],"about":[{"href":"https:\/\/ytmp3.pet\/deota\/wp-json\/wp\/v2\/types\/page"}],"author":[{"embeddable":true,"href":"https:\/\/ytmp3.pet\/deota\/wp-json\/wp\/v2\/users\/1"}],"replies":[{"embeddable":true,"href":"https:\/\/ytmp3.pet\/deota\/wp-json\/wp\/v2\/comments?post=3"}],"version-history":[{"count":0,"href":"https:\/\/ytmp3.pet\/deota\/wp-json\/wp\/v2\/pages\/3\/revisions"}],"wp:attachment":[{"href":"https:\/\/ytmp3.pet\/deota\/wp-json\/wp\/v2\/media?parent=3"}],"curies":[{"name":"wp","href":"https:\/\/api.w.org\/{rel}","templated":true}]}}